{"id":9721,"date":"2023-06-03T16:44:17","date_gmt":"2023-06-03T15:44:18","guid":{"rendered":"https:\/\/www.studioheilig.com\/?post_type=product&#038;p=9721"},"modified":"2024-12-16T15:49:59","modified_gmt":"2024-12-16T14:49:59","slug":"pagode-naguri-taburete","status":"publish","type":"product","link":"https:\/\/www.heilig-objects.com\/es\/shop\/sillas\/pagode-naguri-taburete\/","title":{"rendered":"PAGODE Naguri Taburete"},"content":{"rendered":"<p>PAGODE NAGURI tiene la sobria elegancia y la serenidad c\u00e1lida del estilo decorativo japon\u00e9s. Kanso, shizen y seijaku impregnan de sencillez, naturalidad y quietud al taburete de madera, que evoca la armon\u00eda de la forma de las pagodas. Tres pisos cuadrados se alzan como torres en un po\u00e9tico baile de l\u00edneas horizontales y verticales y un contraste de luces y sombras. Un tapizado de tela clara corona la vivaz estructura de roble. Cada taburete PAGODE NAGURI es una pieza \u00fanica, esculpida a mano y con una estructura de madera modelada por el azar.<\/p>\n","protected":false},"excerpt":{"rendered":"<p>PAGODE NAGURI tiene la sobria elegancia y la serenidad c\u00e1lida del estilo decorativo japon\u00e9s. Kanso, shizen y seijaku impregnan de sencillez, naturalidad y quietud al taburete de madera, que evoca la armon\u00eda de la forma de las pagodas. Tres pisos cuadrados se alzan como torres en un po\u00e9tico baile de l\u00edneas horizontales y verticales y [&hellip;]<\/p>\n","protected":false},"featured_media":12530,"template":"","meta":{"_acf_changed":false},"product_cat":[100],"product_tag":[],"product-collection":[],"class_list":{"0":"post-9721","1":"product","2":"type-product","3":"status-publish","4":"has-post-thumbnail","6":"product_cat-sillas","7":"pa_color-antracita-melange","8":"pa_color-rojo-melange","9":"pa_color-verde-melange","11":"first","12":"instock","13":"taxable","14":"shipping-taxable","15":"purchasable","16":"product-type-variable","17":"has-default-attributes","18":"rtwpvg-product"},"acf":[],"_links":{"self":[{"href":"https:\/\/www.heilig-objects.com\/es\/wp-json\/wp\/v2\/product\/9721","targetHints":{"allow":["GET"]}}],"collection":[{"href":"https:\/\/www.heilig-objects.com\/es\/wp-json\/wp\/v2\/product"}],"about":[{"href":"https:\/\/www.heilig-objects.com\/es\/wp-json\/wp\/v2\/types\/product"}],"wp:featuredmedia":[{"embeddable":true,"href":"https:\/\/www.heilig-objects.com\/es\/wp-json\/wp\/v2\/media\/12530"}],"wp:attachment":[{"href":"https:\/\/www.heilig-objects.com\/es\/wp-json\/wp\/v2\/media?parent=9721"}],"wp:term":[{"taxonomy":"product_cat","embeddable":true,"href":"https:\/\/www.heilig-objects.com\/es\/wp-json\/wp\/v2\/product_cat?post=9721"},{"taxonomy":"product_tag","embeddable":true,"href":"https:\/\/www.heilig-objects.com\/es\/wp-json\/wp\/v2\/product_tag?post=9721"},{"taxonomy":"product-collection","embeddable":true,"href":"https:\/\/www.heilig-objects.com\/es\/wp-json\/wp\/v2\/product-collection?post=9721"}],"curies":[{"name":"wp","href":"https:\/\/api.w.org\/{rel}","templated":true}]}}