{"id":7475,"date":"2023-03-24T19:12:22","date_gmt":"2023-03-24T18:12:23","guid":{"rendered":"https:\/\/www.studioheilig.com\/?post_type=product&#038;p=7475"},"modified":"2024-12-17T10:34:59","modified_gmt":"2024-12-17T09:34:59","slug":"varel-aparador","status":"publish","type":"product","link":"https:\/\/www.heilig-objects.com\/es\/shop\/almacenaje\/varel-aparador\/","title":{"rendered":"VAREL Aparador"},"content":{"rendered":"<p>El aparador VAREL es una pieza de dise\u00f1o \u00fanica con una historia ins\u00f3lita. Su cuerpo monol\u00edtico, formado por un tabl\u00f3n de roble de 100 a\u00f1os, aviva los sentidos. Su textura ondulada y sus colores m\u00edsticos cuentan su larga historia en los p\u00e1ramos altos. Pir\u00e1mides de acero, envejecidas por la brisa marina, acent\u00faan la parte frontal de este creador de ambientes; en su interior, un amplio caj\u00f3n de roble, c\u00e1lido como la miel. VAREL es el anhelo art\u00edstico de darle un significado a experiencias profundas y materializarlas en un dise\u00f1o contempor\u00e1neo y un prop\u00f3sito con sentido.<\/p>\n","protected":false},"excerpt":{"rendered":"<p>El aparador VAREL es una pieza de dise\u00f1o \u00fanica con una historia ins\u00f3lita. Su cuerpo monol\u00edtico, formado por un tabl\u00f3n de roble de 100 a\u00f1os, aviva los sentidos. Su textura ondulada y sus colores m\u00edsticos cuentan su larga historia en los p\u00e1ramos altos. Pir\u00e1mides de acero, envejecidas por la brisa marina, acent\u00faan la parte frontal de este creador de ambientes; en su interior, un amplio caj\u00f3n de roble, c\u00e1lido como la miel. VAREL es el anhelo art\u00edstico de darle un significado a experiencias profundas y materializarlas en un dise\u00f1o contempor\u00e1neo y un prop\u00f3sito con sentido.<\/p>\n","protected":false},"featured_media":13074,"template":"","meta":{"_acf_changed":false},"product_cat":[101],"product_tag":[],"product-collection":[171],"class_list":{"0":"post-7475","1":"product","2":"type-product","3":"status-publish","4":"has-post-thumbnail","6":"product_cat-almacenaje","7":"pa_color-roble-moore","8":"product-collection-compagnons-de-vie","10":"first","11":"instock","12":"taxable","13":"shipping-taxable","14":"purchasable","15":"product-type-variable","16":"has-default-attributes","17":"rtwpvg-product"},"acf":[],"_links":{"self":[{"href":"https:\/\/www.heilig-objects.com\/es\/wp-json\/wp\/v2\/product\/7475","targetHints":{"allow":["GET"]}}],"collection":[{"href":"https:\/\/www.heilig-objects.com\/es\/wp-json\/wp\/v2\/product"}],"about":[{"href":"https:\/\/www.heilig-objects.com\/es\/wp-json\/wp\/v2\/types\/product"}],"wp:featuredmedia":[{"embeddable":true,"href":"https:\/\/www.heilig-objects.com\/es\/wp-json\/wp\/v2\/media\/13074"}],"wp:attachment":[{"href":"https:\/\/www.heilig-objects.com\/es\/wp-json\/wp\/v2\/media?parent=7475"}],"wp:term":[{"taxonomy":"product_cat","embeddable":true,"href":"https:\/\/www.heilig-objects.com\/es\/wp-json\/wp\/v2\/product_cat?post=7475"},{"taxonomy":"product_tag","embeddable":true,"href":"https:\/\/www.heilig-objects.com\/es\/wp-json\/wp\/v2\/product_tag?post=7475"},{"taxonomy":"product-collection","embeddable":true,"href":"https:\/\/www.heilig-objects.com\/es\/wp-json\/wp\/v2\/product-collection?post=7475"}],"curies":[{"name":"wp","href":"https:\/\/api.w.org\/{rel}","templated":true}]}}