{"id":6254,"date":"2023-02-13T16:00:01","date_gmt":"2023-06-17T19:10:23","guid":{"rendered":"https:\/\/www.studioheilig.com\/?post_type=product&#038;p=6254"},"modified":"2025-11-20T09:53:27","modified_gmt":"2025-11-20T08:53:27","slug":"ohus-taburete","status":"publish","type":"product","link":"https:\/\/www.heilig-objects.com\/es\/shop\/sillas\/ohus-taburete\/","title":{"rendered":"OHUS Taburete"},"content":{"rendered":"<p>El minimalismo de la Iglesia de la Luz del arquitecto autodidacta Tadao And\u014d inspir\u00f3 al an\u00e1logo autodidacta del dise\u00f1o, Daniel Heilig, para crear el taburere OHUS, reducido a lo esencial, pero rebosante de atrevimiento conceptual. Las patas de acero entrelazadas, unidas con precisi\u00f3n, culminan en una X fresada en el asiento. Materiales arcaicos, firmemente ensamblados con 4 tornillos ocultos. El revestimiento de acero en polvo de 3 mm asegura una base s\u00f3lida. El dise\u00f1o OHUS est\u00e1 disponible como taburete y banco.<\/p>\n","protected":false},"excerpt":{"rendered":"<p>El minimalismo de la Iglesia de la Luz del arquitecto autodidacta Tadao And\u014d inspir\u00f3 al an\u00e1logo autodidacta del dise\u00f1o, Daniel Heilig, para crear el taburere OHUS, reducido a lo esencial, pero rebosante de atrevimiento conceptual. Las patas de acero entrelazadas, unidas con precisi\u00f3n, culminan en una X fresada en el asiento. Materiales arcaicos, firmemente ensamblados [&hellip;]<\/p>\n","protected":false},"featured_media":12347,"template":"","meta":{"_acf_changed":false},"product_cat":[100],"product_tag":[],"product-collection":[],"class_list":{"0":"post-6254","1":"product","2":"type-product","3":"status-publish","4":"has-post-thumbnail","6":"product_cat-sillas","7":"pa_color-azul-brillante","8":"pa_color-naranja-salmon","10":"first","11":"instock","12":"taxable","13":"shipping-taxable","14":"purchasable","15":"product-type-variable","16":"has-default-attributes","17":"rtwpvg-product"},"acf":[],"_links":{"self":[{"href":"https:\/\/www.heilig-objects.com\/es\/wp-json\/wp\/v2\/product\/6254","targetHints":{"allow":["GET"]}}],"collection":[{"href":"https:\/\/www.heilig-objects.com\/es\/wp-json\/wp\/v2\/product"}],"about":[{"href":"https:\/\/www.heilig-objects.com\/es\/wp-json\/wp\/v2\/types\/product"}],"wp:featuredmedia":[{"embeddable":true,"href":"https:\/\/www.heilig-objects.com\/es\/wp-json\/wp\/v2\/media\/12347"}],"wp:attachment":[{"href":"https:\/\/www.heilig-objects.com\/es\/wp-json\/wp\/v2\/media?parent=6254"}],"wp:term":[{"taxonomy":"product_cat","embeddable":true,"href":"https:\/\/www.heilig-objects.com\/es\/wp-json\/wp\/v2\/product_cat?post=6254"},{"taxonomy":"product_tag","embeddable":true,"href":"https:\/\/www.heilig-objects.com\/es\/wp-json\/wp\/v2\/product_tag?post=6254"},{"taxonomy":"product-collection","embeddable":true,"href":"https:\/\/www.heilig-objects.com\/es\/wp-json\/wp\/v2\/product-collection?post=6254"}],"curies":[{"name":"wp","href":"https:\/\/api.w.org\/{rel}","templated":true}]}}