{"id":6238,"date":"2023-02-13T16:13:48","date_gmt":"2023-06-18T09:16:17","guid":{"rendered":"https:\/\/www.studioheilig.com\/?post_type=product&#038;p=6238"},"modified":"2024-12-17T10:20:11","modified_gmt":"2024-12-17T09:20:11","slug":"pagode-wahiba-taburete","status":"publish","type":"product","link":"https:\/\/www.heilig-objects.com\/es\/shop\/sillas\/pagode-wahiba-taburete\/","title":{"rendered":"PAGODE Wahiba Taburete"},"content":{"rendered":"<p>El taburete con asiento Wahiba de PAGODE se inspira en el m\u00e1gico desierto de arena de Ramlat al Wahiba, en Om\u00e1n, y en la simetr\u00eda ondulante de su paisaje de dunas.<\/p>\n","protected":false},"excerpt":{"rendered":"<p>El taburete con asiento Wahiba de PAGODE se inspira en el m\u00e1gico desierto de arena de Ramlat al Wahiba, en Om\u00e1n, y en la simetr\u00eda ondulante de su paisaje de dunas.<\/p>\n","protected":false},"featured_media":13447,"template":"","meta":{"_acf_changed":false},"product_cat":[100],"product_tag":[],"product-collection":[177],"class_list":{"0":"post-6238","1":"product","2":"type-product","3":"status-publish","4":"has-post-thumbnail","6":"product_cat-sillas","7":"pa_color-antracita-melange","8":"pa_color-rojo-melange","9":"pa_color-verde-melange","10":"product-collection-monumente","12":"first","13":"instock","14":"taxable","15":"shipping-taxable","16":"purchasable","17":"product-type-variable","18":"has-default-attributes","19":"rtwpvg-product"},"acf":[],"_links":{"self":[{"href":"https:\/\/www.heilig-objects.com\/es\/wp-json\/wp\/v2\/product\/6238","targetHints":{"allow":["GET"]}}],"collection":[{"href":"https:\/\/www.heilig-objects.com\/es\/wp-json\/wp\/v2\/product"}],"about":[{"href":"https:\/\/www.heilig-objects.com\/es\/wp-json\/wp\/v2\/types\/product"}],"wp:featuredmedia":[{"embeddable":true,"href":"https:\/\/www.heilig-objects.com\/es\/wp-json\/wp\/v2\/media\/13447"}],"wp:attachment":[{"href":"https:\/\/www.heilig-objects.com\/es\/wp-json\/wp\/v2\/media?parent=6238"}],"wp:term":[{"taxonomy":"product_cat","embeddable":true,"href":"https:\/\/www.heilig-objects.com\/es\/wp-json\/wp\/v2\/product_cat?post=6238"},{"taxonomy":"product_tag","embeddable":true,"href":"https:\/\/www.heilig-objects.com\/es\/wp-json\/wp\/v2\/product_tag?post=6238"},{"taxonomy":"product-collection","embeddable":true,"href":"https:\/\/www.heilig-objects.com\/es\/wp-json\/wp\/v2\/product-collection?post=6238"}],"curies":[{"name":"wp","href":"https:\/\/api.w.org\/{rel}","templated":true}]}}