{"id":6229,"date":"2023-02-13T16:17:04","date_gmt":"2023-06-18T09:05:49","guid":{"rendered":"https:\/\/www.studioheilig.com\/?post_type=product&#038;p=6229"},"modified":"2024-12-17T10:16:13","modified_gmt":"2024-12-17T09:16:13","slug":"pagode-taburete","status":"publish","type":"product","link":"https:\/\/www.heilig-objects.com\/es\/shop\/sillas\/pagode-taburete\/","title":{"rendered":"PAGODE Taburete"},"content":{"rendered":"<p>PAGODE tiene la sobria elegancia y la serenidad c\u00e1lida del estilo decorativo japon\u00e9s. <i>Kanso<\/i>, <i>shizen<\/i> y <i>seijaku<\/i> impregnan de sencillez, naturalidad y quietud al taburete de roble, que evoca la armon\u00eda de la forma de las pagodas. Tres pisos cuadrados se alzan como torres en un po\u00e9tico baile de l\u00edneas horizontales y verticales. Madera con vetas y tapizado di\u00e1fano, vitalidad y diligencia. El taburete escultura PAGODE revela su naturaleza contemplativa y entra en armon\u00eda con todo lo que le rodea: salas de estar y dormitorios, espacios dedicados a la meditaci\u00f3n o al yoga.<\/p>\n","protected":false},"excerpt":{"rendered":"<p>PAGODE tiene la sobria elegancia y la serenidad c\u00e1lida del estilo decorativo japon\u00e9s. Kanso, shizen y seijaku impregnan de sencillez, naturalidad y quietud al taburete de roble, que evoca la armon\u00eda de la forma de las pagodas. Tres pisos cuadrados se alzan como torres en un po\u00e9tico baile de l\u00edneas horizontales y verticales. Madera con [&hellip;]<\/p>\n","protected":false},"featured_media":12845,"template":"","meta":{"_acf_changed":false},"product_cat":[100],"product_tag":[],"product-collection":[177],"class_list":{"0":"post-6229","1":"product","2":"type-product","3":"status-publish","4":"has-post-thumbnail","6":"product_cat-sillas","7":"pa_color-antracita-melange","8":"pa_color-negro","9":"pa_color-rojo-melange","10":"pa_color-verde-melange","11":"product-collection-monumente","13":"first","14":"instock","15":"taxable","16":"shipping-taxable","17":"purchasable","18":"product-type-variable","19":"has-default-attributes","20":"rtwpvg-product"},"acf":[],"_links":{"self":[{"href":"https:\/\/www.heilig-objects.com\/es\/wp-json\/wp\/v2\/product\/6229","targetHints":{"allow":["GET"]}}],"collection":[{"href":"https:\/\/www.heilig-objects.com\/es\/wp-json\/wp\/v2\/product"}],"about":[{"href":"https:\/\/www.heilig-objects.com\/es\/wp-json\/wp\/v2\/types\/product"}],"wp:featuredmedia":[{"embeddable":true,"href":"https:\/\/www.heilig-objects.com\/es\/wp-json\/wp\/v2\/media\/12845"}],"wp:attachment":[{"href":"https:\/\/www.heilig-objects.com\/es\/wp-json\/wp\/v2\/media?parent=6229"}],"wp:term":[{"taxonomy":"product_cat","embeddable":true,"href":"https:\/\/www.heilig-objects.com\/es\/wp-json\/wp\/v2\/product_cat?post=6229"},{"taxonomy":"product_tag","embeddable":true,"href":"https:\/\/www.heilig-objects.com\/es\/wp-json\/wp\/v2\/product_tag?post=6229"},{"taxonomy":"product-collection","embeddable":true,"href":"https:\/\/www.heilig-objects.com\/es\/wp-json\/wp\/v2\/product-collection?post=6229"}],"curies":[{"name":"wp","href":"https:\/\/api.w.org\/{rel}","templated":true}]}}