{"id":6214,"date":"2023-02-13T16:22:59","date_gmt":"2023-06-18T08:55:43","guid":{"rendered":"https:\/\/www.studioheilig.com\/?post_type=product&#038;p=6214"},"modified":"2024-12-17T10:11:00","modified_gmt":"2024-12-17T09:11:00","slug":"throne-taburete","status":"publish","type":"product","link":"https:\/\/www.heilig-objects.com\/es\/shop\/sillas\/throne-taburete\/","title":{"rendered":"THRONE Taburete"},"content":{"rendered":"<p>El taburete tapizado THRONE respira dise\u00f1o de mobiliario creativo, poes\u00eda formal y composici\u00f3n emocionante. La luz y la sombra remodelan constantemente la geometr\u00eda escultural.<\/p>\n","protected":false},"excerpt":{"rendered":"<p>El taburete tapizado THRONE respira dise\u00f1o de mobiliario creativo, poes\u00eda formal y composici\u00f3n emocionante. La luz y la sombra remodelan constantemente la geometr\u00eda escultural.<\/p>\n","protected":false},"featured_media":12760,"template":"","meta":{"_acf_changed":false},"product_cat":[100],"product_tag":[],"product-collection":[177],"class_list":{"0":"post-6214","1":"product","2":"type-product","3":"status-publish","4":"has-post-thumbnail","6":"product_cat-sillas","7":"pa_color-antracita-melange","8":"pa_color-rojo-melange","9":"pa_color-verde-melange","10":"product-collection-monumente","12":"first","13":"instock","14":"taxable","15":"shipping-taxable","16":"purchasable","17":"product-type-variable","18":"has-default-attributes","19":"rtwpvg-product"},"acf":[],"_links":{"self":[{"href":"https:\/\/www.heilig-objects.com\/es\/wp-json\/wp\/v2\/product\/6214","targetHints":{"allow":["GET"]}}],"collection":[{"href":"https:\/\/www.heilig-objects.com\/es\/wp-json\/wp\/v2\/product"}],"about":[{"href":"https:\/\/www.heilig-objects.com\/es\/wp-json\/wp\/v2\/types\/product"}],"wp:featuredmedia":[{"embeddable":true,"href":"https:\/\/www.heilig-objects.com\/es\/wp-json\/wp\/v2\/media\/12760"}],"wp:attachment":[{"href":"https:\/\/www.heilig-objects.com\/es\/wp-json\/wp\/v2\/media?parent=6214"}],"wp:term":[{"taxonomy":"product_cat","embeddable":true,"href":"https:\/\/www.heilig-objects.com\/es\/wp-json\/wp\/v2\/product_cat?post=6214"},{"taxonomy":"product_tag","embeddable":true,"href":"https:\/\/www.heilig-objects.com\/es\/wp-json\/wp\/v2\/product_tag?post=6214"},{"taxonomy":"product-collection","embeddable":true,"href":"https:\/\/www.heilig-objects.com\/es\/wp-json\/wp\/v2\/product-collection?post=6214"}],"curies":[{"name":"wp","href":"https:\/\/api.w.org\/{rel}","templated":true}]}}