{"id":6205,"date":"2023-02-13T16:25:38","date_gmt":"2023-06-18T08:49:53","guid":{"rendered":"https:\/\/www.studioheilig.com\/?post_type=product&#038;p=6205"},"modified":"2024-12-17T10:09:39","modified_gmt":"2024-12-17T09:09:39","slug":"zehnfinger-taburete","status":"publish","type":"product","link":"https:\/\/www.heilig-objects.com\/es\/shop\/sillas\/zehnfinger-taburete\/","title":{"rendered":"ZEHNFINGER Taburete"},"content":{"rendered":"<p>Inspirado en los ic\u00f3nicos arcos del acueducto de Obidos, en Portugal, el taburete ZEHNFINGER reinterpreta sorprendentemente la arquitectura monumental de columnas. En el corpus de madera maciza, exquisitamente elaborado, dos lados ritmados por arcos contrastan con 2 lados cerrados. Dependiendo de la incidencia de la luz, las sombras de las columnas deambulan por la habitaci\u00f3n. La c\u00f3moda tapicer\u00eda de tela cosida a mano est\u00e1 firmemente anclada en el corpus. La calidad en los detalles y el dise\u00f1o consagrado hacen del taburete ZEHNFINGER un querido compa\u00f1ero para toda la vida.<\/p>\n","protected":false},"excerpt":{"rendered":"<p>Inspirado en los ic\u00f3nicos arcos del acueducto de Obidos, en Portugal, el taburete ZEHNFINGER reinterpreta sorprendentemente la arquitectura monumental de columnas. En el corpus de madera maciza, exquisitamente elaborado, dos lados ritmados por arcos contrastan con 2 lados cerrados. Dependiendo de la incidencia de la luz, las sombras de las columnas deambulan por la habitaci\u00f3n. [&hellip;]<\/p>\n","protected":false},"featured_media":14277,"template":"","meta":{"_acf_changed":false},"product_cat":[100],"product_tag":[],"product-collection":[177],"class_list":{"0":"post-6205","1":"product","2":"type-product","3":"status-publish","4":"has-post-thumbnail","6":"product_cat-sillas","7":"pa_color-antracita-melange","8":"pa_color-negro","9":"pa_color-verde-melange","10":"pa_color-rojo-melange","11":"product-collection-monumente","13":"first","14":"instock","15":"taxable","16":"shipping-taxable","17":"purchasable","18":"product-type-variable","19":"has-default-attributes","20":"rtwpvg-product"},"acf":[],"_links":{"self":[{"href":"https:\/\/www.heilig-objects.com\/es\/wp-json\/wp\/v2\/product\/6205","targetHints":{"allow":["GET"]}}],"collection":[{"href":"https:\/\/www.heilig-objects.com\/es\/wp-json\/wp\/v2\/product"}],"about":[{"href":"https:\/\/www.heilig-objects.com\/es\/wp-json\/wp\/v2\/types\/product"}],"wp:featuredmedia":[{"embeddable":true,"href":"https:\/\/www.heilig-objects.com\/es\/wp-json\/wp\/v2\/media\/14277"}],"wp:attachment":[{"href":"https:\/\/www.heilig-objects.com\/es\/wp-json\/wp\/v2\/media?parent=6205"}],"wp:term":[{"taxonomy":"product_cat","embeddable":true,"href":"https:\/\/www.heilig-objects.com\/es\/wp-json\/wp\/v2\/product_cat?post=6205"},{"taxonomy":"product_tag","embeddable":true,"href":"https:\/\/www.heilig-objects.com\/es\/wp-json\/wp\/v2\/product_tag?post=6205"},{"taxonomy":"product-collection","embeddable":true,"href":"https:\/\/www.heilig-objects.com\/es\/wp-json\/wp\/v2\/product-collection?post=6205"}],"curies":[{"name":"wp","href":"https:\/\/api.w.org\/{rel}","templated":true}]}}