{"id":6197,"date":"2023-02-13T16:36:17","date_gmt":"2023-06-18T08:41:30","guid":{"rendered":"https:\/\/www.studioheilig.com\/?post_type=product&#038;p=6197"},"modified":"2024-12-17T10:06:12","modified_gmt":"2024-12-17T09:06:12","slug":"happens-taburete-fresno","status":"publish","type":"product","link":"https:\/\/www.heilig-objects.com\/es\/shop\/sillas\/happens-taburete-fresno\/","title":{"rendered":"HAPPENS Taburete"},"content":{"rendered":"<p>HAPPENS es una revoluci\u00f3n en el dise\u00f1o convencional de taburetes. Su caracter\u00edstica m\u00e1s llamativa es su moderna y atrevida arquitectura; unas patas de madera inclinadas, cuyas formas, \u00e1ngulos y l\u00edneas fluyen en perfecta armon\u00eda hacia el asiento. M\u00e1s abajo, un asa de cuero para transportarlo. HAPPENS es una pieza que sorprende, \u00fanica en su forma, ingeniosamente construida y exquisitamente trabajada. Inspira alegr\u00eda y es tema de conversaci\u00f3n. El taburete HAPPENS trasciende con elegancia la frontera entre el dise\u00f1o y el arte.<\/p>\n","protected":false},"excerpt":{"rendered":"<p>HAPPENS es una revoluci\u00f3n en el dise\u00f1o convencional de taburetes. Su caracter\u00edstica m\u00e1s llamativa es su moderna y atrevida arquitectura; unas patas de madera inclinadas, cuyas formas, \u00e1ngulos y l\u00edneas fluyen en perfecta armon\u00eda hacia el asiento. M\u00e1s abajo, un asa de cuero para transportarlo. HAPPENS es una pieza que sorprende, \u00fanica en su forma, [&hellip;]<\/p>\n","protected":false},"featured_media":12656,"template":"","meta":{"_acf_changed":false},"product_cat":[100],"product_tag":[],"product-collection":[177],"class_list":{"0":"post-6197","1":"product","2":"type-product","3":"status-publish","4":"has-post-thumbnail","6":"product_cat-sillas","7":"pa_color-rojo-melange","8":"pa_color-verde-melange","9":"product-collection-monumente","11":"first","12":"instock","13":"taxable","14":"shipping-taxable","15":"purchasable","16":"product-type-variable","17":"has-default-attributes","18":"rtwpvg-product"},"acf":[],"_links":{"self":[{"href":"https:\/\/www.heilig-objects.com\/es\/wp-json\/wp\/v2\/product\/6197","targetHints":{"allow":["GET"]}}],"collection":[{"href":"https:\/\/www.heilig-objects.com\/es\/wp-json\/wp\/v2\/product"}],"about":[{"href":"https:\/\/www.heilig-objects.com\/es\/wp-json\/wp\/v2\/types\/product"}],"wp:featuredmedia":[{"embeddable":true,"href":"https:\/\/www.heilig-objects.com\/es\/wp-json\/wp\/v2\/media\/12656"}],"wp:attachment":[{"href":"https:\/\/www.heilig-objects.com\/es\/wp-json\/wp\/v2\/media?parent=6197"}],"wp:term":[{"taxonomy":"product_cat","embeddable":true,"href":"https:\/\/www.heilig-objects.com\/es\/wp-json\/wp\/v2\/product_cat?post=6197"},{"taxonomy":"product_tag","embeddable":true,"href":"https:\/\/www.heilig-objects.com\/es\/wp-json\/wp\/v2\/product_tag?post=6197"},{"taxonomy":"product-collection","embeddable":true,"href":"https:\/\/www.heilig-objects.com\/es\/wp-json\/wp\/v2\/product-collection?post=6197"}],"curies":[{"name":"wp","href":"https:\/\/api.w.org\/{rel}","templated":true}]}}