{"id":6189,"date":"2023-02-13T16:38:31","date_gmt":"2023-06-18T08:31:49","guid":{"rendered":"https:\/\/www.studioheilig.com\/?post_type=product&#038;p=6189"},"modified":"2025-11-22T17:00:15","modified_gmt":"2025-11-22T16:00:15","slug":"ponti-mesa-de-centro-fresno","status":"publish","type":"product","link":"https:\/\/www.heilig-objects.com\/es\/shop\/mesas\/ponti-mesa-de-centro-fresno\/","title":{"rendered":"PONTI Mesa de centro"},"content":{"rendered":"<p>PONTI combina forma, funci\u00f3n y placer. Dise\u00f1o minimalista, l\u00edneas claras y contrastes emocionantes. La placa de acero de color liso parece flotar sobre el cono protector de madera. Las curvas elegantes se unen al rigor geom\u00e9trico. Permanente o espont\u00e1neo, PONTI crea espacio all\u00ed donde se necesita. Complementa a la perfecci\u00f3n la mesa de comedor, el recibidor, el cuarto de ba\u00f1o, el balc\u00f3n o el despacho, la cama, el sof\u00e1 o la zona de espera. La mesa auxiliar PONTI representa el joven dise\u00f1o alem\u00e1n de mobiliario cotidiano.<\/p>\n","protected":false},"excerpt":{"rendered":"<p>PONTI combina forma, funci\u00f3n y placer. Dise\u00f1o minimalista, l\u00edneas claras y contrastes emocionantes. La placa de acero de color liso parece flotar sobre el cono protector de madera. Las curvas elegantes se unen al rigor geom\u00e9trico. Permanente o espont\u00e1neo, PONTI crea espacio all\u00ed donde se necesita. Complementa a la perfecci\u00f3n la mesa de comedor, el [&hellip;]<\/p>\n","protected":false},"featured_media":12581,"template":"","meta":{"_acf_changed":false},"product_cat":[119],"product_tag":[],"product-collection":[172],"class_list":{"0":"post-6189","1":"product","2":"type-product","3":"status-publish","4":"has-post-thumbnail","6":"product_cat-mesas","7":"pa_color-azul-brillante","8":"pa_color-blanco-crema","9":"pa_color-gris-cemento","10":"pa_color-naranja-salmon","11":"pa_color-verde-palido","12":"product-collection-metamorphosis","14":"first","15":"instock","16":"taxable","17":"shipping-taxable","18":"purchasable","19":"product-type-variable","20":"has-default-attributes","21":"rtwpvg-product"},"acf":[],"_links":{"self":[{"href":"https:\/\/www.heilig-objects.com\/es\/wp-json\/wp\/v2\/product\/6189","targetHints":{"allow":["GET"]}}],"collection":[{"href":"https:\/\/www.heilig-objects.com\/es\/wp-json\/wp\/v2\/product"}],"about":[{"href":"https:\/\/www.heilig-objects.com\/es\/wp-json\/wp\/v2\/types\/product"}],"wp:featuredmedia":[{"embeddable":true,"href":"https:\/\/www.heilig-objects.com\/es\/wp-json\/wp\/v2\/media\/12581"}],"wp:attachment":[{"href":"https:\/\/www.heilig-objects.com\/es\/wp-json\/wp\/v2\/media?parent=6189"}],"wp:term":[{"taxonomy":"product_cat","embeddable":true,"href":"https:\/\/www.heilig-objects.com\/es\/wp-json\/wp\/v2\/product_cat?post=6189"},{"taxonomy":"product_tag","embeddable":true,"href":"https:\/\/www.heilig-objects.com\/es\/wp-json\/wp\/v2\/product_tag?post=6189"},{"taxonomy":"product-collection","embeddable":true,"href":"https:\/\/www.heilig-objects.com\/es\/wp-json\/wp\/v2\/product-collection?post=6189"}],"curies":[{"name":"wp","href":"https:\/\/api.w.org\/{rel}","templated":true}]}}