{"id":6179,"date":"2023-02-13T17:08:08","date_gmt":"2023-06-18T08:25:50","guid":{"rendered":"https:\/\/www.studioheilig.com\/?post_type=product&#038;p=6179"},"modified":"2024-12-17T09:57:29","modified_gmt":"2024-12-17T08:57:29","slug":"arc-f4-mesa-auxiliar","status":"publish","type":"product","link":"https:\/\/www.heilig-objects.com\/es\/shop\/mesas\/arc-f4-mesa-auxiliar\/","title":{"rendered":"ARC-F4 Mesa auxiliar"},"content":{"rendered":"<p>La \u00abNueva Simplicidad\u00bb es una filosof\u00eda de vida minimalista y el principio en el que se basa el dise\u00f1o de la ARC-F4. El purismo audaz contrasta con la energ\u00eda vital del tono llamativo de la mesa. La madera de abeto ennoblecida brinda calidez y elegancia natural a la pieza. Cuatro arcos sim\u00e9tricos rompen con la estricta geometr\u00eda del cuerpo de madera. Un ejercicio de dise\u00f1o vers\u00e1til y una forma de expresi\u00f3n de arte funcional inspirador. La mesa auxiliar ARC-F4, gracias a su dise\u00f1o modular, permite crear bonitas variaciones individuales.<\/p>\n","protected":false},"excerpt":{"rendered":"<p>La <i>Nueva simplicidad<\/i> es una filosof\u00eda de vida minimalista y el principio en el que se basa el dise\u00f1o de la ARC-F4. El purismo audaz contrasta con la energ\u00eda vital del tono llamativo de la mesa. La madera de abeto ennoblecida brinda calidez y elegancia natural a la pieza. Cuatro arcos sim\u00e9tricos rompen con la estricta geometr\u00eda del cuerpo de madera. Un ejercicio de dise\u00f1o vers\u00e1til y una forma de expresi\u00f3n de arte funcional inspirador. La mesa auxiliar ARC-F4, gracias a su dise\u00f1o modular, permite crear bonitas variaciones individuales.<\/p>\n","protected":false},"featured_media":13159,"template":"","meta":{"_acf_changed":false},"product_cat":[119],"product_tag":[],"product-collection":[177],"class_list":{"0":"post-6179","1":"product","2":"type-product","3":"status-publish","4":"has-post-thumbnail","6":"product_cat-mesas","7":"product-collection-monumente","9":"first","10":"instock","11":"taxable","12":"shipping-taxable","13":"purchasable","14":"product-type-simple"},"acf":[],"_links":{"self":[{"href":"https:\/\/www.heilig-objects.com\/es\/wp-json\/wp\/v2\/product\/6179","targetHints":{"allow":["GET"]}}],"collection":[{"href":"https:\/\/www.heilig-objects.com\/es\/wp-json\/wp\/v2\/product"}],"about":[{"href":"https:\/\/www.heilig-objects.com\/es\/wp-json\/wp\/v2\/types\/product"}],"wp:featuredmedia":[{"embeddable":true,"href":"https:\/\/www.heilig-objects.com\/es\/wp-json\/wp\/v2\/media\/13159"}],"wp:attachment":[{"href":"https:\/\/www.heilig-objects.com\/es\/wp-json\/wp\/v2\/media?parent=6179"}],"wp:term":[{"taxonomy":"product_cat","embeddable":true,"href":"https:\/\/www.heilig-objects.com\/es\/wp-json\/wp\/v2\/product_cat?post=6179"},{"taxonomy":"product_tag","embeddable":true,"href":"https:\/\/www.heilig-objects.com\/es\/wp-json\/wp\/v2\/product_tag?post=6179"},{"taxonomy":"product-collection","embeddable":true,"href":"https:\/\/www.heilig-objects.com\/es\/wp-json\/wp\/v2\/product-collection?post=6179"}],"curies":[{"name":"wp","href":"https:\/\/api.w.org\/{rel}","templated":true}]}}