{"id":6177,"date":"2023-02-13T17:15:34","date_gmt":"2023-06-17T20:45:56","guid":{"rendered":"https:\/\/www.studioheilig.com\/?post_type=product&#038;p=6177"},"modified":"2024-12-16T15:57:47","modified_gmt":"2024-12-16T14:57:47","slug":"throne-mesa-auxiliar","status":"publish","type":"product","link":"https:\/\/www.heilig-objects.com\/es\/shop\/mesas\/throne-mesa-auxiliar\/","title":{"rendered":"THRONE Mesa auxiliar"},"content":{"rendered":"<p>La mesa auxiliar THRONE es arte ic\u00f3nico funcional en el que se fusionan el dise\u00f1o creativo de muebles, la poes\u00eda y la excelencia en la composici\u00f3n. El juego de luces y sombras hace posible la remodelaci\u00f3n constante de su geometr\u00eda escultural. El vivo patr\u00f3n de la madera de duramen realza la excepcional estructura art\u00edstica de la mesa. La distinguida apariencia de THRONE enriquece cualquier estilo de interiores, ya sea como un oasis de dise\u00f1o contemplativo o como un mueble de dise\u00f1o modular. Por su potencial, la mesa auxiliar THRONE est\u00e1 destinada a convertirse en un cl\u00e1sico del dise\u00f1o.<\/p>\n","protected":false},"excerpt":{"rendered":"<p>La mesa auxiliar THRONE es arte ic\u00f3nico funcional en el que se fusionan el dise\u00f1o creativo de muebles, la poes\u00eda y la excelencia en la composici\u00f3n. El juego de luces y sombras hace posible la remodelaci\u00f3n constante de su geometr\u00eda escultural. El vivo patr\u00f3n de la madera de duramen realza la excepcional estructura art\u00edstica de la mesa. La distinguida apariencia de THRONE enriquece cualquier estilo de interiores, ya sea como un oasis de dise\u00f1o contemplativo o como un mueble de dise\u00f1o modular. Por su potencial, la mesa auxiliar THRONE est\u00e1 destinada a convertirse en un cl\u00e1sico del dise\u00f1o.<\/p>\n","protected":false},"featured_media":12376,"template":"","meta":{"_acf_changed":false},"product_cat":[119],"product_tag":[],"product-collection":[177],"class_list":{"0":"post-6177","1":"product","2":"type-product","3":"status-publish","4":"has-post-thumbnail","6":"product_cat-mesas","7":"product-collection-monumente","9":"first","10":"instock","11":"taxable","12":"shipping-taxable","13":"purchasable","14":"product-type-simple"},"acf":[],"_links":{"self":[{"href":"https:\/\/www.heilig-objects.com\/es\/wp-json\/wp\/v2\/product\/6177","targetHints":{"allow":["GET"]}}],"collection":[{"href":"https:\/\/www.heilig-objects.com\/es\/wp-json\/wp\/v2\/product"}],"about":[{"href":"https:\/\/www.heilig-objects.com\/es\/wp-json\/wp\/v2\/types\/product"}],"wp:featuredmedia":[{"embeddable":true,"href":"https:\/\/www.heilig-objects.com\/es\/wp-json\/wp\/v2\/media\/12376"}],"wp:attachment":[{"href":"https:\/\/www.heilig-objects.com\/es\/wp-json\/wp\/v2\/media?parent=6177"}],"wp:term":[{"taxonomy":"product_cat","embeddable":true,"href":"https:\/\/www.heilig-objects.com\/es\/wp-json\/wp\/v2\/product_cat?post=6177"},{"taxonomy":"product_tag","embeddable":true,"href":"https:\/\/www.heilig-objects.com\/es\/wp-json\/wp\/v2\/product_tag?post=6177"},{"taxonomy":"product-collection","embeddable":true,"href":"https:\/\/www.heilig-objects.com\/es\/wp-json\/wp\/v2\/product-collection?post=6177"}],"curies":[{"name":"wp","href":"https:\/\/api.w.org\/{rel}","templated":true}]}}