{"id":6175,"date":"2023-06-02T18:33:00","date_gmt":"2023-06-17T21:06:28","guid":{"rendered":"https:\/\/www.studioheilig.com\/?post_type=product&#038;p=6175"},"modified":"2024-12-16T15:55:31","modified_gmt":"2024-12-16T14:55:31","slug":"fat-leg-65-mesa-de-comedor","status":"publish","type":"product","link":"https:\/\/www.heilig-objects.com\/es\/shop\/mesas\/fat-leg-65-mesa-de-comedor\/","title":{"rendered":"FAT LEG 65 Mesa de comedor"},"content":{"rendered":"<p>FAT LEG 65, con su imponente presencia y poder de atracci\u00f3n, posee el esplendor y la calidez de un dios solar. Minimalista, m\u00e1gica e impresionante. Sujetar su tabla de roble maciza de 65 mm de grosor provoca una profunda sensaci\u00f3n de arraigo. La generosa forma circular y sus tres patas centrales brindan suficiente espacio para las piernas y 6 sillas. FAT LEG 65 es una mesa escultura, una pieza central para amantes del dise\u00f1o, ya sea para espacios privados, suites de hotel o restaurantes.<\/p>\n","protected":false},"excerpt":{"rendered":"<p>FAT LEG 65, con su imponente presencia y poder de atracci\u00f3n, posee el esplendor y la calidez de un dios solar. Minimalista, m\u00e1gica e impresionante. Sujetar su tabla de roble maciza de 65 mm de grosor provoca una profunda sensaci\u00f3n de arraigo. La generosa forma circular y sus tres patas centrales brindan suficiente espacio para las piernas y 6 sillas. FAT LEG 65 es una mesa escultura, una pieza central para amantes del dise\u00f1o, ya sea para espacios privados, suites de hotel o restaurantes.<\/p>\n","protected":false},"featured_media":12548,"template":"","meta":{"_acf_changed":false},"product_cat":[119],"product_tag":[],"product-collection":[177],"class_list":{"0":"post-6175","1":"product","2":"type-product","3":"status-publish","4":"has-post-thumbnail","6":"product_cat-mesas","7":"product-collection-monumente","9":"first","10":"instock","11":"taxable","12":"shipping-taxable","13":"purchasable","14":"product-type-simple"},"acf":[],"_links":{"self":[{"href":"https:\/\/www.heilig-objects.com\/es\/wp-json\/wp\/v2\/product\/6175","targetHints":{"allow":["GET"]}}],"collection":[{"href":"https:\/\/www.heilig-objects.com\/es\/wp-json\/wp\/v2\/product"}],"about":[{"href":"https:\/\/www.heilig-objects.com\/es\/wp-json\/wp\/v2\/types\/product"}],"wp:featuredmedia":[{"embeddable":true,"href":"https:\/\/www.heilig-objects.com\/es\/wp-json\/wp\/v2\/media\/12548"}],"wp:attachment":[{"href":"https:\/\/www.heilig-objects.com\/es\/wp-json\/wp\/v2\/media?parent=6175"}],"wp:term":[{"taxonomy":"product_cat","embeddable":true,"href":"https:\/\/www.heilig-objects.com\/es\/wp-json\/wp\/v2\/product_cat?post=6175"},{"taxonomy":"product_tag","embeddable":true,"href":"https:\/\/www.heilig-objects.com\/es\/wp-json\/wp\/v2\/product_tag?post=6175"},{"taxonomy":"product-collection","embeddable":true,"href":"https:\/\/www.heilig-objects.com\/es\/wp-json\/wp\/v2\/product-collection?post=6175"}],"curies":[{"name":"wp","href":"https:\/\/api.w.org\/{rel}","templated":true}]}}