{"id":4686,"date":"2021-08-23T16:12:07","date_gmt":"2021-08-23T15:12:07","guid":{"rendered":"https:\/\/www.vonheilig.com\/shop\/comoda-hamburg\/"},"modified":"2024-12-17T10:36:59","modified_gmt":"2024-12-17T09:36:59","slug":"hamburg-comoda","status":"publish","type":"product","link":"https:\/\/www.heilig-objects.com\/es\/shop\/almacenaje\/hamburg-comoda\/","title":{"rendered":"HAMBURG C\u00f3moda"},"content":{"rendered":"<p>HAMBURG es un mueble de dise\u00f1o \u00fanico, fabricado a mano, de un valor excepcional y de nobleza embriagadora. La reina hanse\u00e1tica de las c\u00f3modas con cajones. Encerrados en bandejas de metal para hornear, hist\u00f3ricas y m\u00edsticas. A sus pies, un z\u00f3calo de hormig\u00f3n manufacturado.<\/p>\n","protected":false},"excerpt":{"rendered":"<p>HAMBURG es un mueble de dise\u00f1o \u00fanico, fabricado a mano, de un valor excepcional y de nobleza embriagadora. La reina hanse\u00e1tica de las c\u00f3modas con cajones. Encerrados en bandejas de metal para hornear, hist\u00f3ricas y m\u00edsticas. A sus pies, un z\u00f3calo de hormig\u00f3n manufacturado.<\/p>\n","protected":false},"featured_media":13107,"template":"","meta":{"_acf_changed":false},"product_cat":[101],"product_tag":[],"product-collection":[171],"class_list":{"0":"post-4686","1":"product","2":"type-product","3":"status-publish","4":"has-post-thumbnail","6":"product_cat-almacenaje","7":"pa_color-nebula-marron","8":"product-collection-compagnons-de-vie","10":"first","11":"instock","12":"taxable","13":"shipping-taxable","14":"purchasable","15":"product-type-variable","16":"has-default-attributes","17":"rtwpvg-product"},"acf":[],"_links":{"self":[{"href":"https:\/\/www.heilig-objects.com\/es\/wp-json\/wp\/v2\/product\/4686","targetHints":{"allow":["GET"]}}],"collection":[{"href":"https:\/\/www.heilig-objects.com\/es\/wp-json\/wp\/v2\/product"}],"about":[{"href":"https:\/\/www.heilig-objects.com\/es\/wp-json\/wp\/v2\/types\/product"}],"wp:featuredmedia":[{"embeddable":true,"href":"https:\/\/www.heilig-objects.com\/es\/wp-json\/wp\/v2\/media\/13107"}],"wp:attachment":[{"href":"https:\/\/www.heilig-objects.com\/es\/wp-json\/wp\/v2\/media?parent=4686"}],"wp:term":[{"taxonomy":"product_cat","embeddable":true,"href":"https:\/\/www.heilig-objects.com\/es\/wp-json\/wp\/v2\/product_cat?post=4686"},{"taxonomy":"product_tag","embeddable":true,"href":"https:\/\/www.heilig-objects.com\/es\/wp-json\/wp\/v2\/product_tag?post=4686"},{"taxonomy":"product-collection","embeddable":true,"href":"https:\/\/www.heilig-objects.com\/es\/wp-json\/wp\/v2\/product-collection?post=4686"}],"curies":[{"name":"wp","href":"https:\/\/api.w.org\/{rel}","templated":true}]}}