{"id":4677,"date":"2021-09-02T16:55:11","date_gmt":"2021-09-02T15:55:11","guid":{"rendered":"https:\/\/www.vonheilig.com\/shop\/mesa-auxiliar-midas\/"},"modified":"2025-11-22T17:05:37","modified_gmt":"2025-11-22T16:05:37","slug":"anc-66-mesa-auxiliar","status":"publish","type":"product","link":"https:\/\/www.heilig-objects.com\/es\/shop\/mesas\/anc-66-mesa-auxiliar\/","title":{"rendered":"ANC-66 Mesa auxiliar"},"content":{"rendered":"<p>La mesa auxiliar ANC-66 es una obra maestra del minimalismo que destaca por la sensualidad de sus materiales, su serenidad contemplativa y su armoniosa geometr\u00eda circular. Un juego de luces y sombras crea nuevos escenarios para la exquisita escultura arquitect\u00f3nica. Su fuerte poder de atracci\u00f3n hace que uno quiera abrazar su cuerpo perfectamente formado de delgadas varillas de fresno y sentir un remanso de paz al tocar su superficie con las manos. La ANC-66 es una compa\u00f1era de vida elegante y vers\u00e1til, tanto como mesa auxiliar, mueble de sal\u00f3n, mesa de centro, asiento escultural o peana de exposici\u00f3n. La ANC-66 est\u00e1 disponible en fresno natural y con tabla de hormig\u00f3n claro o en fresno negro con superficie de madera enchapada.<\/p>\n","protected":false},"excerpt":{"rendered":"<p>La mesa auxiliar MIDAS lleva el distintivo de los muebles cl\u00e1sicos de dise\u00f1o moderno: est\u00e9tica \u00abmenos es m\u00e1s\u00bb, elegancia atemporal y construcci\u00f3n llevada a la perfecci\u00f3n. MIDAS est\u00e1 creada por manos artistas en Alemania. Brilla tanto en su Edici\u00f3n Natural y como en Negro.<\/p>\n","protected":false},"featured_media":12964,"template":"","meta":{"_acf_changed":false},"product_cat":[119],"product_tag":[],"product-collection":[172],"class_list":{"0":"post-4677","1":"product","2":"type-product","3":"status-publish","4":"has-post-thumbnail","6":"product_cat-mesas","7":"pa_color-fresno","8":"pa_color-fresno-negro","9":"product-collection-metamorphosis","11":"first","12":"instock","13":"taxable","14":"shipping-taxable","15":"purchasable","16":"product-type-variable","17":"has-default-attributes","18":"rtwpvg-product"},"acf":[],"_links":{"self":[{"href":"https:\/\/www.heilig-objects.com\/es\/wp-json\/wp\/v2\/product\/4677","targetHints":{"allow":["GET"]}}],"collection":[{"href":"https:\/\/www.heilig-objects.com\/es\/wp-json\/wp\/v2\/product"}],"about":[{"href":"https:\/\/www.heilig-objects.com\/es\/wp-json\/wp\/v2\/types\/product"}],"wp:featuredmedia":[{"embeddable":true,"href":"https:\/\/www.heilig-objects.com\/es\/wp-json\/wp\/v2\/media\/12964"}],"wp:attachment":[{"href":"https:\/\/www.heilig-objects.com\/es\/wp-json\/wp\/v2\/media?parent=4677"}],"wp:term":[{"taxonomy":"product_cat","embeddable":true,"href":"https:\/\/www.heilig-objects.com\/es\/wp-json\/wp\/v2\/product_cat?post=4677"},{"taxonomy":"product_tag","embeddable":true,"href":"https:\/\/www.heilig-objects.com\/es\/wp-json\/wp\/v2\/product_tag?post=4677"},{"taxonomy":"product-collection","embeddable":true,"href":"https:\/\/www.heilig-objects.com\/es\/wp-json\/wp\/v2\/product-collection?post=4677"}],"curies":[{"name":"wp","href":"https:\/\/api.w.org\/{rel}","templated":true}]}}