{"id":4593,"date":"2021-09-13T15:46:50","date_gmt":"2021-09-13T14:46:50","guid":{"rendered":"https:\/\/www.vonheilig.com\/shop\/mesa-auxiliar-minos\/"},"modified":"2025-11-22T17:07:56","modified_gmt":"2025-11-22T16:07:56","slug":"mushroom-ps-mesa-auxiliar","status":"publish","type":"product","link":"https:\/\/www.heilig-objects.com\/es\/shop\/mesas\/mushroom-ps-mesa-auxiliar\/","title":{"rendered":"MUSHROOM-PS Mesa auxiliar"},"content":{"rendered":"<p>La mesa auxiliar redonda MUSHROOM-PS es una estrella del interiorismo. Esencia de un dise\u00f1o atemporal contempor\u00e1neo, fabricada con madera de fresno aut\u00f3ctono en Alemania. Perfecta en cuanto a proporciones, una delicadeza artesanal polivalente. MINOS fascina tanto en su edici\u00f3n Natural como en Negro.<\/p>\n","protected":false},"excerpt":{"rendered":"<p>La mesa auxiliar redonda MUSHROOM-PS es una estrella del interiorismo. Esencia de un dise\u00f1o atemporal contempor\u00e1neo, fabricada con madera de fresno aut\u00f3ctono en Alemania. Perfecta en cuanto a proporciones, una delicadeza artesanal polivalente. MUSHROOM-PS fascina tanto en su edici\u00f3n Natural como en Negro.<\/p>\n","protected":false},"featured_media":12921,"template":"","meta":{"_acf_changed":false},"product_cat":[119],"product_tag":[],"product-collection":[172],"class_list":{"0":"post-4593","1":"product","2":"type-product","3":"status-publish","4":"has-post-thumbnail","6":"product_cat-mesas","7":"pa_color-fresno","8":"pa_color-fresno-negro","9":"product-collection-metamorphosis","11":"first","12":"instock","13":"taxable","14":"shipping-taxable","15":"purchasable","16":"product-type-variable","17":"has-default-attributes","18":"rtwpvg-product"},"acf":[],"_links":{"self":[{"href":"https:\/\/www.heilig-objects.com\/es\/wp-json\/wp\/v2\/product\/4593","targetHints":{"allow":["GET"]}}],"collection":[{"href":"https:\/\/www.heilig-objects.com\/es\/wp-json\/wp\/v2\/product"}],"about":[{"href":"https:\/\/www.heilig-objects.com\/es\/wp-json\/wp\/v2\/types\/product"}],"wp:featuredmedia":[{"embeddable":true,"href":"https:\/\/www.heilig-objects.com\/es\/wp-json\/wp\/v2\/media\/12921"}],"wp:attachment":[{"href":"https:\/\/www.heilig-objects.com\/es\/wp-json\/wp\/v2\/media?parent=4593"}],"wp:term":[{"taxonomy":"product_cat","embeddable":true,"href":"https:\/\/www.heilig-objects.com\/es\/wp-json\/wp\/v2\/product_cat?post=4593"},{"taxonomy":"product_tag","embeddable":true,"href":"https:\/\/www.heilig-objects.com\/es\/wp-json\/wp\/v2\/product_tag?post=4593"},{"taxonomy":"product-collection","embeddable":true,"href":"https:\/\/www.heilig-objects.com\/es\/wp-json\/wp\/v2\/product-collection?post=4593"}],"curies":[{"name":"wp","href":"https:\/\/api.w.org\/{rel}","templated":true}]}}