{"id":146466,"date":"2025-05-30T09:01:06","date_gmt":"2025-05-30T08:01:08","guid":{"rendered":"https:\/\/www.heilig-objects.com\/?post_type=product&#038;p=146466"},"modified":"2025-11-18T18:35:22","modified_gmt":"2025-11-18T17:35:22","slug":"konigswinter-escultura-de-luz","status":"publish","type":"product","link":"https:\/\/www.heilig-objects.com\/es\/shop\/sin categor\u00eda\/konigswinter-escultura-de-luz\/","title":{"rendered":"K\u00d6NIGSWINTER Escultura de luz"},"content":{"rendered":"<p>El banco OHUS es minimalismo puro. Cuatro llamativas l\u00e1minas de acero y un panel de fresno unidos por dos cruces. Una excelencia en dise\u00f1o y un mueble modular inteligente creado para n\u00f3madas modernos: port\u00e1til, f\u00e1cil de desmontar, multiuso. Ideal como banco, aparador o mesa auxiliar, para ambientes m\u00e1s \u00edntimos o espacios p\u00fablicos, cafeter\u00edas, museos, escuelas. Apilado para ahorrar espacio, el taburete se transforma en una estanter\u00eda alta o un separador de ambientes. El banco OHUS representa lo mejor del dise\u00f1o de muebles joven alem\u00e1n.<\/p>\n","protected":false},"excerpt":{"rendered":"<p>El banco OHUS es minimalismo puro. Cuatro llamativas l\u00e1minas de acero y un panel de fresno unidos por dos cruces. Una excelencia en dise\u00f1o y un mueble modular inteligente creado para n\u00f3madas modernos: port\u00e1til, f\u00e1cil de desmontar, multiuso. Ideal como banco, aparador o mesa auxiliar, para ambientes m\u00e1s \u00edntimos o espacios p\u00fablicos, cafeter\u00edas, museos, escuelas. [&hellip;]<\/p>\n","protected":false},"featured_media":147699,"template":"","meta":{"_acf_changed":false},"product_cat":[],"product_tag":[],"product-collection":[171],"class_list":{"0":"post-146466","1":"product","2":"type-product","3":"status-publish","4":"has-post-thumbnail","6":"pa_color-ambar-duo","7":"pa_color-ambar-mono","8":"pa_color-neon-verde","9":"product-collection-compagnons-de-vie","11":"first","12":"instock","13":"taxable","14":"shipping-taxable","15":"purchasable","16":"product-type-variable","17":"has-default-attributes","18":"rtwpvg-product"},"acf":[],"_links":{"self":[{"href":"https:\/\/www.heilig-objects.com\/es\/wp-json\/wp\/v2\/product\/146466","targetHints":{"allow":["GET"]}}],"collection":[{"href":"https:\/\/www.heilig-objects.com\/es\/wp-json\/wp\/v2\/product"}],"about":[{"href":"https:\/\/www.heilig-objects.com\/es\/wp-json\/wp\/v2\/types\/product"}],"wp:featuredmedia":[{"embeddable":true,"href":"https:\/\/www.heilig-objects.com\/es\/wp-json\/wp\/v2\/media\/147699"}],"wp:attachment":[{"href":"https:\/\/www.heilig-objects.com\/es\/wp-json\/wp\/v2\/media?parent=146466"}],"wp:term":[{"taxonomy":"product_cat","embeddable":true,"href":"https:\/\/www.heilig-objects.com\/es\/wp-json\/wp\/v2\/product_cat?post=146466"},{"taxonomy":"product_tag","embeddable":true,"href":"https:\/\/www.heilig-objects.com\/es\/wp-json\/wp\/v2\/product_tag?post=146466"},{"taxonomy":"product-collection","embeddable":true,"href":"https:\/\/www.heilig-objects.com\/es\/wp-json\/wp\/v2\/product-collection?post=146466"}],"curies":[{"name":"wp","href":"https:\/\/api.w.org\/{rel}","templated":true}]}}