{"id":10285,"date":"2023-06-10T16:04:14","date_gmt":"2023-06-10T15:04:16","guid":{"rendered":"https:\/\/www.studioheilig.com\/?post_type=product&#038;p=10285"},"modified":"2025-11-22T16:58:49","modified_gmt":"2025-11-22T15:58:49","slug":"ponti-mesa-de-centro-nogal","status":"publish","type":"product","link":"https:\/\/www.heilig-objects.com\/es\/shop\/mesas\/ponti-mesa-de-centro-nogal\/","title":{"rendered":"PONTI Mesa de centro"},"content":{"rendered":"<p>PONTI combina forma, funci\u00f3n y deleite. Un ejercicio de dise\u00f1o minimalista, con l\u00edneas claras y contrastes sugerentes. La tabla de acero en un tono uniforme flota sobre el cono de madera protector. Curvas elegantes se unen al rigor geom\u00e9trico. Permanente o improvisado, PONTI destaca y crea espacio en cualquier lugar donde se le necesite. Junto a la mesa del comedor, el recibidor, el cuarto de ba\u00f1o, el balc\u00f3n, el despacho, la cama, el sof\u00e1 o la sala de espera. La mesa de centro PONTI representa el dise\u00f1o de muebles cotidianos alem\u00e1n contempor\u00e1neo.<\/p>\n","protected":false},"excerpt":{"rendered":"<p>PONTI combina forma, funci\u00f3n y deleite. Un ejercicio de dise\u00f1o minimalista, con l\u00edneas claras y contrastes sugerentes. La tabla de acero en un tono uniforme flota sobre el cono de madera protector. Curvas elegantes se unen al rigor geom\u00e9trico. Permanente o improvisado, PONTI destaca y crea espacio en cualquier lugar donde se le necesite. Junto [&hellip;]<\/p>\n","protected":false},"featured_media":12404,"template":"","meta":{"_acf_changed":false},"product_cat":[119],"product_tag":[],"product-collection":[],"class_list":{"0":"post-10285","1":"product","2":"type-product","3":"status-publish","4":"has-post-thumbnail","6":"product_cat-mesas","7":"pa_color-azul-brillante","8":"pa_color-blanco-crema","9":"pa_color-gris-cemento","10":"pa_color-naranja-salmon","11":"pa_color-verde-palido","13":"first","14":"instock","15":"taxable","16":"shipping-taxable","17":"purchasable","18":"product-type-variable","19":"has-default-attributes","20":"rtwpvg-product"},"acf":[],"_links":{"self":[{"href":"https:\/\/www.heilig-objects.com\/es\/wp-json\/wp\/v2\/product\/10285","targetHints":{"allow":["GET"]}}],"collection":[{"href":"https:\/\/www.heilig-objects.com\/es\/wp-json\/wp\/v2\/product"}],"about":[{"href":"https:\/\/www.heilig-objects.com\/es\/wp-json\/wp\/v2\/types\/product"}],"wp:featuredmedia":[{"embeddable":true,"href":"https:\/\/www.heilig-objects.com\/es\/wp-json\/wp\/v2\/media\/12404"}],"wp:attachment":[{"href":"https:\/\/www.heilig-objects.com\/es\/wp-json\/wp\/v2\/media?parent=10285"}],"wp:term":[{"taxonomy":"product_cat","embeddable":true,"href":"https:\/\/www.heilig-objects.com\/es\/wp-json\/wp\/v2\/product_cat?post=10285"},{"taxonomy":"product_tag","embeddable":true,"href":"https:\/\/www.heilig-objects.com\/es\/wp-json\/wp\/v2\/product_tag?post=10285"},{"taxonomy":"product-collection","embeddable":true,"href":"https:\/\/www.heilig-objects.com\/es\/wp-json\/wp\/v2\/product-collection?post=10285"}],"curies":[{"name":"wp","href":"https:\/\/api.w.org\/{rel}","templated":true}]}}