{"id":9810,"date":"2023-06-03T16:59:06","date_gmt":"2023-06-03T15:59:06","guid":{"rendered":"https:\/\/www.studioheilig.com\/?post_type=product&#038;p=9810"},"modified":"2024-12-16T15:45:15","modified_gmt":"2024-12-16T14:45:15","slug":"happens-sitzhocker-eiche","status":"publish","type":"product","link":"https:\/\/www.heilig-objects.com\/de\/shop\/stuehle\/happens-sitzhocker-eiche\/","title":{"rendered":"HAPPENS Sitzhocker"},"content":{"rendered":"<p>HAPPENS ist eine Revolution konventioneller Sitzhocker-Bauweise. Auff\u00e4lligstes Merkmal der modernen, mutigen M\u00f6belarchitektur ist die Schr\u00e4ge ihrer Holzbeine, deren Form, Winkel und Linienf\u00fchrung perfekt im Sitzpolster m\u00fcnden. Darunter, eine Trageschlaufe aus Leder. HAPPENS \u00fcberrascht, formal einzigartig, konstruktiv genial und handwerklich exquisit. Das Interior-Centerpiece sorgt f\u00fcr gute Laune und Gespr\u00e4chsstoff. Hocker HAPPENS \u00fcberschreitet elegant die Grenze zwischen Design und Kunst.<\/p>\n","protected":false},"excerpt":{"rendered":"<p>HAPPENS ist ein Sitzhocker-Rebell, dessen mutige Architektur Grenzen zwischen Design und Kunst \u00fcberschreitet. Die kreative Polsterholzhocker-Skulptur ist formal einzigartig, von konstruktiver Perfektion und \u00fcberraschendem Sitzkomfort.<br \/>\nHAPPENS hat Charakter, ist Freidenker-Statement und Interior-Highlight mit eleganter Energie, gewichtiger Standfestigkeit und edler Lederschlaufe f\u00fcr leichtes Umstellen. Hocker HAPPENS repr\u00e4sentiert junges Out of the Box M\u00f6bel-Design.<\/p>\n","protected":false},"featured_media":12460,"template":"","meta":{"_acf_changed":false},"product_cat":[76],"product_tag":[],"product-collection":[],"class_list":{"0":"post-9810","1":"product","2":"type-product","3":"status-publish","4":"has-post-thumbnail","6":"product_cat-stuehle","7":"pa_color-grun-melange","8":"pa_color-rot-melange","10":"first","11":"instock","12":"taxable","13":"shipping-taxable","14":"purchasable","15":"product-type-variable","16":"has-default-attributes","17":"rtwpvg-product"},"acf":[],"_links":{"self":[{"href":"https:\/\/www.heilig-objects.com\/de\/wp-json\/wp\/v2\/product\/9810","targetHints":{"allow":["GET"]}}],"collection":[{"href":"https:\/\/www.heilig-objects.com\/de\/wp-json\/wp\/v2\/product"}],"about":[{"href":"https:\/\/www.heilig-objects.com\/de\/wp-json\/wp\/v2\/types\/product"}],"wp:featuredmedia":[{"embeddable":true,"href":"https:\/\/www.heilig-objects.com\/de\/wp-json\/wp\/v2\/media\/12460"}],"wp:attachment":[{"href":"https:\/\/www.heilig-objects.com\/de\/wp-json\/wp\/v2\/media?parent=9810"}],"wp:term":[{"taxonomy":"product_cat","embeddable":true,"href":"https:\/\/www.heilig-objects.com\/de\/wp-json\/wp\/v2\/product_cat?post=9810"},{"taxonomy":"product_tag","embeddable":true,"href":"https:\/\/www.heilig-objects.com\/de\/wp-json\/wp\/v2\/product_tag?post=9810"},{"taxonomy":"product-collection","embeddable":true,"href":"https:\/\/www.heilig-objects.com\/de\/wp-json\/wp\/v2\/product-collection?post=9810"}],"curies":[{"name":"wp","href":"https:\/\/api.w.org\/{rel}","templated":true}]}}