{"id":9717,"date":"2023-06-03T16:44:17","date_gmt":"2023-06-03T15:44:17","guid":{"rendered":"https:\/\/www.studioheilig.com\/?post_type=product&#038;p=9717"},"modified":"2024-12-16T15:51:16","modified_gmt":"2024-12-16T14:51:16","slug":"pagode-naguri-sitzhocker","status":"publish","type":"product","link":"https:\/\/www.heilig-objects.com\/de\/shop\/stuehle\/pagode-naguri-sitzhocker\/","title":{"rendered":"PAGODE Naguri Sitzhocker"},"content":{"rendered":"<p>PAGODE NAGURI atmet die strenge \u00c4sthetik und warme Wohlf\u00fchlatmosph\u00e4re des japanischen Einrichtungsstils. Kanso, Shizen und Seijaku, Einfachheit, Nat\u00fcrlichkeit und Ruhe pr\u00e4gen den kontemplativen Holzhocker, der formal an die Baukultur von Pagoden erinnert. 3 quadratische Etagen staffeln sich turmgleich in die H\u00f6he, im kunstvollen Miteinander von Horizontalen und Vertikalen, Licht und Schatten. Ein klares Stoffpolsterquadrat kr\u00f6nt den bewegten Eichenkorpus. Jeder PAGODE NAGURI Hocker ist ein handgedrechseltes Unikat mit einzigartiger, vom Zufallsprinzip geformter Holzstruktur.<\/p>\n","protected":false},"excerpt":{"rendered":"<p>PAGODE NAGURI atmet die strenge \u00c4sthetik und warme Wohlf\u00fchlatmosph\u00e4re des japanischen Einrichtungsstils. Kanso, Shizen und Seijaku, Einfachheit, Nat\u00fcrlichkeit und Ruhe pr\u00e4gen den kontemplativen Holzhocker, der formal an die Baukultur von Pagoden erinnert. 3 quadratische Etagen staffeln sich turmgleich in die H\u00f6he, im kunstvollen Miteinander von Horizontalen und Vertikalen, Licht und Schatten. Ein klares Stoffpolsterquadrat kr\u00f6nt [&hellip;]<\/p>\n","protected":false},"featured_media":12529,"template":"","meta":{"_acf_changed":false},"product_cat":[76],"product_tag":[],"product-collection":[],"class_list":{"0":"post-9717","1":"product","2":"type-product","3":"status-publish","4":"has-post-thumbnail","6":"product_cat-stuehle","7":"pa_color-anthrazit-melange","8":"pa_color-grun-melange","9":"pa_color-rot-melange","11":"first","12":"instock","13":"taxable","14":"shipping-taxable","15":"purchasable","16":"product-type-variable","17":"has-default-attributes","18":"rtwpvg-product"},"acf":[],"_links":{"self":[{"href":"https:\/\/www.heilig-objects.com\/de\/wp-json\/wp\/v2\/product\/9717","targetHints":{"allow":["GET"]}}],"collection":[{"href":"https:\/\/www.heilig-objects.com\/de\/wp-json\/wp\/v2\/product"}],"about":[{"href":"https:\/\/www.heilig-objects.com\/de\/wp-json\/wp\/v2\/types\/product"}],"wp:featuredmedia":[{"embeddable":true,"href":"https:\/\/www.heilig-objects.com\/de\/wp-json\/wp\/v2\/media\/12529"}],"wp:attachment":[{"href":"https:\/\/www.heilig-objects.com\/de\/wp-json\/wp\/v2\/media?parent=9717"}],"wp:term":[{"taxonomy":"product_cat","embeddable":true,"href":"https:\/\/www.heilig-objects.com\/de\/wp-json\/wp\/v2\/product_cat?post=9717"},{"taxonomy":"product_tag","embeddable":true,"href":"https:\/\/www.heilig-objects.com\/de\/wp-json\/wp\/v2\/product_tag?post=9717"},{"taxonomy":"product-collection","embeddable":true,"href":"https:\/\/www.heilig-objects.com\/de\/wp-json\/wp\/v2\/product-collection?post=9717"}],"curies":[{"name":"wp","href":"https:\/\/api.w.org\/{rel}","templated":true}]}}