{"id":6252,"date":"2023-02-13T16:00:01","date_gmt":"2023-06-08T13:56:34","guid":{"rendered":"https:\/\/www.studioheilig.com\/?post_type=product&#038;p=6252"},"modified":"2025-11-20T09:51:26","modified_gmt":"2025-11-20T08:51:26","slug":"ohus-sitzhocker","status":"publish","type":"product","link":"https:\/\/www.heilig-objects.com\/de\/shop\/stuehle\/ohus-sitzhocker\/","title":{"rendered":"OHUS Sitzhocker"},"content":{"rendered":"<p>Die minimalistische Church of Light von Architektur-Autodidakt Tadao And\u014d inspiriert Design-Autodidakt Daniel Heilig zur mutig gedachten, radikal reduzierten Hocker-Architektur OHUS. Zwei \u00fcberkreuzt ineinandergesteckte Stahlbeine m\u00fcnden b\u00fcndig im in die Sitzfl\u00e4che gefr\u00e4sten X. Archaische Materialien, fest verbunden durch 4 verdeckte Schrauben. 3 mm gepulverter Stahl f\u00fcr stabilen Stand. OHUS gibt es als Hocker und Sitzbank.<\/p>\n","protected":false},"excerpt":{"rendered":"<p>Die minimalistische Church of Light von Architektur-Autodidakt Tadao And\u014d inspiriert Design-Autodidakt Daniel Heilig zur mutig gedachten, radikal reduzierten Hocker-Architektur OHUS. Zwei \u00fcberkreuzt ineinandergesteckte Stahlbeine m\u00fcnden b\u00fcndig im in die Sitzfl\u00e4che gefr\u00e4sten X. Archaische Materialien, fest verbunden durch 4 verdeckte Schrauben. 3 mm gepulverter Stahl f\u00fcr stabilen Stand. OHUS gibt es als Hocker und Sitzbank.<\/p>\n","protected":false},"featured_media":12345,"template":"","meta":{"_acf_changed":false},"product_cat":[76],"product_tag":[],"product-collection":[],"class_list":{"0":"post-6252","1":"product","2":"type-product","3":"status-publish","4":"has-post-thumbnail","6":"product_cat-stuehle","7":"pa_color-brillantblau","8":"pa_color-lachsorange","10":"first","11":"instock","12":"taxable","13":"shipping-taxable","14":"purchasable","15":"product-type-variable","16":"has-default-attributes","17":"rtwpvg-product"},"acf":[],"_links":{"self":[{"href":"https:\/\/www.heilig-objects.com\/de\/wp-json\/wp\/v2\/product\/6252","targetHints":{"allow":["GET"]}}],"collection":[{"href":"https:\/\/www.heilig-objects.com\/de\/wp-json\/wp\/v2\/product"}],"about":[{"href":"https:\/\/www.heilig-objects.com\/de\/wp-json\/wp\/v2\/types\/product"}],"wp:featuredmedia":[{"embeddable":true,"href":"https:\/\/www.heilig-objects.com\/de\/wp-json\/wp\/v2\/media\/12345"}],"wp:attachment":[{"href":"https:\/\/www.heilig-objects.com\/de\/wp-json\/wp\/v2\/media?parent=6252"}],"wp:term":[{"taxonomy":"product_cat","embeddable":true,"href":"https:\/\/www.heilig-objects.com\/de\/wp-json\/wp\/v2\/product_cat?post=6252"},{"taxonomy":"product_tag","embeddable":true,"href":"https:\/\/www.heilig-objects.com\/de\/wp-json\/wp\/v2\/product_tag?post=6252"},{"taxonomy":"product-collection","embeddable":true,"href":"https:\/\/www.heilig-objects.com\/de\/wp-json\/wp\/v2\/product-collection?post=6252"}],"curies":[{"name":"wp","href":"https:\/\/api.w.org\/{rel}","templated":true}]}}