{"id":6234,"date":"2023-02-13T16:13:48","date_gmt":"2023-06-11T17:39:16","guid":{"rendered":"https:\/\/www.studioheilig.com\/?post_type=product&#038;p=6234"},"modified":"2024-12-17T10:19:02","modified_gmt":"2024-12-17T09:19:02","slug":"pagode-wahiba-sitzhocker","status":"publish","type":"product","link":"https:\/\/www.heilig-objects.com\/de\/shop\/stuehle\/pagode-wahiba-sitzhocker\/","title":{"rendered":"PAGODE Wahiba Sitzhocker"},"content":{"rendered":"<p>Pagoden, in sich geschlossene Tempelbauten mit 3 Stockwerken, die spirituelle Ruhe, Harmonie und Quelle der Energie symbolisieren, standen Pate bei Sitzhocker PAGODE WAHIBA. Seine Holzstruktur ist inspiriert von der magischen Sandw\u00fcste Ramlat al Wahiba im Oman und der wellenf\u00f6rmigen Symmetrie ihrer D\u00fcnenlandschaft, die permanent vom Wind ver\u00e4ndert wird. Ein schmaler Sockel tr\u00e4gt den handge\u00f6lten Eichenhocker. Sein Sitzpolster gibt es in 2 hochwertigen Wollstoffen: Unifarbig Schwarz. Oder zweifarbig Melange mit zartem Zickzackmuster, gewebt aus verschiedenfarbigen Wollf\u00e4den in traditioneller Fischgr\u00e4tentechnik.<\/p>\n","protected":false},"excerpt":{"rendered":"<p>Pagoden, in sich geschlossene Tempelbauten mit 3 Stockwerken, die spirituelle Ruhe, Harmonie und Quelle der Energie symbolisieren, standen Pate bei Sitzhocker PAGODE WAHIBA. Seine Holzstruktur ist inspiriert von der magischen Sandw\u00fcste Ramlat al Wahiba im Oman und der wellenf\u00f6rmigen Symmetrie ihrer D\u00fcnenlandschaft, die permanent vom Wind ver\u00e4ndert wird. Ein schmaler Sockel tr\u00e4gt den handge\u00f6lten Eichenhocker. [&hellip;]<\/p>\n","protected":false},"featured_media":13449,"template":"","meta":{"_acf_changed":false},"product_cat":[76],"product_tag":[],"product-collection":[177],"class_list":{"0":"post-6234","1":"product","2":"type-product","3":"status-publish","4":"has-post-thumbnail","6":"product_cat-stuehle","7":"pa_color-anthrazit-melange","8":"pa_color-grun-melange","9":"pa_color-rot-melange","10":"product-collection-monumente","12":"first","13":"instock","14":"taxable","15":"shipping-taxable","16":"purchasable","17":"product-type-variable","18":"has-default-attributes","19":"rtwpvg-product"},"acf":[],"_links":{"self":[{"href":"https:\/\/www.heilig-objects.com\/de\/wp-json\/wp\/v2\/product\/6234","targetHints":{"allow":["GET"]}}],"collection":[{"href":"https:\/\/www.heilig-objects.com\/de\/wp-json\/wp\/v2\/product"}],"about":[{"href":"https:\/\/www.heilig-objects.com\/de\/wp-json\/wp\/v2\/types\/product"}],"wp:featuredmedia":[{"embeddable":true,"href":"https:\/\/www.heilig-objects.com\/de\/wp-json\/wp\/v2\/media\/13449"}],"wp:attachment":[{"href":"https:\/\/www.heilig-objects.com\/de\/wp-json\/wp\/v2\/media?parent=6234"}],"wp:term":[{"taxonomy":"product_cat","embeddable":true,"href":"https:\/\/www.heilig-objects.com\/de\/wp-json\/wp\/v2\/product_cat?post=6234"},{"taxonomy":"product_tag","embeddable":true,"href":"https:\/\/www.heilig-objects.com\/de\/wp-json\/wp\/v2\/product_tag?post=6234"},{"taxonomy":"product-collection","embeddable":true,"href":"https:\/\/www.heilig-objects.com\/de\/wp-json\/wp\/v2\/product-collection?post=6234"}],"curies":[{"name":"wp","href":"https:\/\/api.w.org\/{rel}","templated":true}]}}