{"id":6224,"date":"2023-02-13T16:17:04","date_gmt":"2023-06-11T16:46:16","guid":{"rendered":"https:\/\/www.studioheilig.com\/?post_type=product&#038;p=6224"},"modified":"2024-12-17T10:17:30","modified_gmt":"2024-12-17T09:17:30","slug":"pagode-sitzhocker","status":"publish","type":"product","link":"https:\/\/www.heilig-objects.com\/de\/shop\/stuehle\/pagode-sitzhocker\/","title":{"rendered":"PAGODE Sitzhocker"},"content":{"rendered":"<p>Fr\u00fche Pagoden, in sich geschlossene Tempelbauten, die eine spezifische geistig-seelische Atmosph\u00e4re kreierten, und deren 3 Stockwerke spirituelle Ruhe, Harmonie und Quelle der Energie symbolisierten, standen Pate f\u00fcr Sitzhocker PAGODE. Ein schmaler Sockel tr\u00e4gt den handge\u00f6lten Eichenhocker. Sein Sitzpolster gibt es in 2 hochwertigen Wollstoffen: Unifarbig Schwarz. Oder zweifarbig Melange mit zartem Zickzackmuster, gewebt aus verschiedenfarbigen Wollf\u00e4den in traditioneller Fischgr\u00e4ttechnik.<\/p>\n","protected":false},"excerpt":{"rendered":"<p>Fr\u00fche Pagoden, in sich geschlossene Tempelbauten, die eine spezifische geistig-seelische Atmosph\u00e4re kreierten, und deren 3 Stockwerke spirituelle Ruhe, Harmonie und Quelle der Energie symbolisierten, standen Pate f\u00fcr Sitzhocker PAGODE. Ein schmaler Sockel tr\u00e4gt den handge\u00f6lten Eichenhocker. Sein Sitzpolster gibt es in 2 hochwertigen Wollstoffen: Unifarbig Schwarz. Oder zweifarbig Melange mit zartem Zickzackmuster, gewebt aus verschiedenfarbigen [&hellip;]<\/p>\n","protected":false},"featured_media":12844,"template":"","meta":{"_acf_changed":false},"product_cat":[76],"product_tag":[],"product-collection":[177],"class_list":{"0":"post-6224","1":"product","2":"type-product","3":"status-publish","4":"has-post-thumbnail","6":"product_cat-stuehle","7":"pa_color-anthrazit-melange","8":"pa_color-grun-melange","9":"pa_color-rot-melange","10":"pa_color-schwarz","11":"product-collection-monumente","13":"first","14":"instock","15":"taxable","16":"shipping-taxable","17":"purchasable","18":"product-type-variable","19":"has-default-attributes","20":"rtwpvg-product"},"acf":[],"_links":{"self":[{"href":"https:\/\/www.heilig-objects.com\/de\/wp-json\/wp\/v2\/product\/6224","targetHints":{"allow":["GET"]}}],"collection":[{"href":"https:\/\/www.heilig-objects.com\/de\/wp-json\/wp\/v2\/product"}],"about":[{"href":"https:\/\/www.heilig-objects.com\/de\/wp-json\/wp\/v2\/types\/product"}],"wp:featuredmedia":[{"embeddable":true,"href":"https:\/\/www.heilig-objects.com\/de\/wp-json\/wp\/v2\/media\/12844"}],"wp:attachment":[{"href":"https:\/\/www.heilig-objects.com\/de\/wp-json\/wp\/v2\/media?parent=6224"}],"wp:term":[{"taxonomy":"product_cat","embeddable":true,"href":"https:\/\/www.heilig-objects.com\/de\/wp-json\/wp\/v2\/product_cat?post=6224"},{"taxonomy":"product_tag","embeddable":true,"href":"https:\/\/www.heilig-objects.com\/de\/wp-json\/wp\/v2\/product_tag?post=6224"},{"taxonomy":"product-collection","embeddable":true,"href":"https:\/\/www.heilig-objects.com\/de\/wp-json\/wp\/v2\/product-collection?post=6224"}],"curies":[{"name":"wp","href":"https:\/\/api.w.org\/{rel}","templated":true}]}}