{"id":6218,"date":"2023-02-13T16:20:04","date_gmt":"2023-06-11T16:25:20","guid":{"rendered":"https:\/\/www.studioheilig.com\/?post_type=product&#038;p=6218"},"modified":"2026-02-27T14:55:45","modified_gmt":"2026-02-27T13:55:45","slug":"lcca-lounge-chair","status":"publish","type":"product","link":"https:\/\/www.heilig-objects.com\/de\/shop\/stuehle\/lcca-lounge-chair\/","title":{"rendered":"LCCA Lounge Chair"},"content":{"rendered":"<p>Der LCCA-Fertigungsprozess erz\u00e4hlt von einer mutigen M\u00f6bel-Vision, von ausdauernder Beharrlichkeit des Designers, grenz\u00fcberwindender Ingenieurskunst und der au\u00dfergew\u00f6hnlichen Union von industrieller Fertigung und Interior Design. Der gro\u00dfe, aus einem St\u00fcck gebogene und gekantete Aluminiumkorpus erfordert Spezialmaschinen. Die Metallic-Sonderlackierung erfordert Expertise, Experimentierfreude und Fingerspitzengef\u00fchl. Pr\u00e4zise bis zu den handgen\u00e4hten Polsterkedern ist LCCA das Gemeinschaftswerk von Menschen, die besondere Anfertigungen faszinieren und daf\u00fcr Standards sprengen.<\/p>\n","protected":false},"excerpt":{"rendered":"<p>Der LCCA-Fertigungsprozess erz\u00e4hlt von einer mutigen M\u00f6bel-Vision, von ausdauernder Beharrlichkeit des Designers, grenz\u00fcberwindender Ingenieurskunst und der au\u00dfergew\u00f6hnlichen Union von industrieller Fertigung und Interior Design. Der gro\u00dfe, aus einem St\u00fcck gebogene und gekantete Aluminiumkorpus erfordert Spezialmaschinen. Die Metallic-Sonderlackierung erfordert Expertise, Experimentierfreude und Fingerspitzengef\u00fchl. Pr\u00e4zise bis zu den handgen\u00e4hten Polsterkedern ist LCCA das Gemeinschaftswerk von Menschen, die [&hellip;]<\/p>\n","protected":false},"featured_media":12817,"template":"","meta":{"_acf_changed":false},"product_cat":[76],"product_tag":[],"product-collection":[],"class_list":{"0":"post-6218","1":"product","2":"type-product","3":"status-publish","4":"has-post-thumbnail","6":"product_cat-stuehle","7":"pa_color-gold-de","8":"pa_color-malibu-pink-de","10":"first","11":"instock","12":"taxable","13":"shipping-taxable","14":"purchasable","15":"product-type-variable","16":"has-default-attributes","17":"rtwpvg-product"},"acf":[],"_links":{"self":[{"href":"https:\/\/www.heilig-objects.com\/de\/wp-json\/wp\/v2\/product\/6218","targetHints":{"allow":["GET"]}}],"collection":[{"href":"https:\/\/www.heilig-objects.com\/de\/wp-json\/wp\/v2\/product"}],"about":[{"href":"https:\/\/www.heilig-objects.com\/de\/wp-json\/wp\/v2\/types\/product"}],"wp:featuredmedia":[{"embeddable":true,"href":"https:\/\/www.heilig-objects.com\/de\/wp-json\/wp\/v2\/media\/12817"}],"wp:attachment":[{"href":"https:\/\/www.heilig-objects.com\/de\/wp-json\/wp\/v2\/media?parent=6218"}],"wp:term":[{"taxonomy":"product_cat","embeddable":true,"href":"https:\/\/www.heilig-objects.com\/de\/wp-json\/wp\/v2\/product_cat?post=6218"},{"taxonomy":"product_tag","embeddable":true,"href":"https:\/\/www.heilig-objects.com\/de\/wp-json\/wp\/v2\/product_tag?post=6218"},{"taxonomy":"product-collection","embeddable":true,"href":"https:\/\/www.heilig-objects.com\/de\/wp-json\/wp\/v2\/product-collection?post=6218"}],"curies":[{"name":"wp","href":"https:\/\/api.w.org\/{rel}","templated":true}]}}