{"id":6210,"date":"2023-02-13T16:22:59","date_gmt":"2023-06-11T15:44:26","guid":{"rendered":"https:\/\/www.studioheilig.com\/?post_type=product&#038;p=6210"},"modified":"2024-12-17T10:12:12","modified_gmt":"2024-12-17T09:12:12","slug":"throne-sitzhocker","status":"publish","type":"product","link":"https:\/\/www.heilig-objects.com\/de\/shop\/stuehle\/throne-sitzhocker\/","title":{"rendered":"THRONE Sitzhocker"},"content":{"rendered":"<p>THRONE Sitzhocker atmet kreatives M\u00f6beldesign, formale Poesie und spannende Komposition. Licht und Schatten modellieren die skulpturale Geometrie des Esche-Korpus stets neu. Ein kunstvoll ma\u00dfgeschneidertes, festes Stoffpolster greift die kubische Hocker-Grundform auf. Luxuri\u00f6ser Sitzkomfort und exquisite Materialqualit\u00e4t vermitteln Throngef\u00fchl. Visuell eigenst\u00e4ndig harmoniert die Hockerarchitektur mit allen Interior-Genres. THRONE hat Designklassiker-Potential.<\/p>\n","protected":false},"excerpt":{"rendered":"<p>THRONE Sitzhocker atmet kreatives M\u00f6beldesign, formale Poesie und spannende Komposition. Licht und Schatten modellieren die skulpturale Geometrie des Esche-Korpus stets neu. Ein kunstvoll ma\u00dfgeschneidertes, festes Stoffpolster greift die kubische Hocker-Grundform auf. Luxuri\u00f6ser Sitzkomfort und exquisite Materialqualit\u00e4t vermitteln Throngef\u00fchl. Visuell eigenst\u00e4ndig harmoniert die Hockerarchitektur mit allen Interior-Genres. THRONE hat Designklassiker-Potential.<\/p>\n","protected":false},"featured_media":12759,"template":"","meta":{"_acf_changed":false},"product_cat":[76],"product_tag":[],"product-collection":[177],"class_list":{"0":"post-6210","1":"product","2":"type-product","3":"status-publish","4":"has-post-thumbnail","6":"product_cat-stuehle","7":"pa_color-anthrazit-melange","8":"pa_color-grun-melange","9":"pa_color-rot-melange","10":"product-collection-monumente","12":"first","13":"instock","14":"taxable","15":"shipping-taxable","16":"purchasable","17":"product-type-variable","18":"has-default-attributes","19":"rtwpvg-product"},"acf":[],"_links":{"self":[{"href":"https:\/\/www.heilig-objects.com\/de\/wp-json\/wp\/v2\/product\/6210","targetHints":{"allow":["GET"]}}],"collection":[{"href":"https:\/\/www.heilig-objects.com\/de\/wp-json\/wp\/v2\/product"}],"about":[{"href":"https:\/\/www.heilig-objects.com\/de\/wp-json\/wp\/v2\/types\/product"}],"wp:featuredmedia":[{"embeddable":true,"href":"https:\/\/www.heilig-objects.com\/de\/wp-json\/wp\/v2\/media\/12759"}],"wp:attachment":[{"href":"https:\/\/www.heilig-objects.com\/de\/wp-json\/wp\/v2\/media?parent=6210"}],"wp:term":[{"taxonomy":"product_cat","embeddable":true,"href":"https:\/\/www.heilig-objects.com\/de\/wp-json\/wp\/v2\/product_cat?post=6210"},{"taxonomy":"product_tag","embeddable":true,"href":"https:\/\/www.heilig-objects.com\/de\/wp-json\/wp\/v2\/product_tag?post=6210"},{"taxonomy":"product-collection","embeddable":true,"href":"https:\/\/www.heilig-objects.com\/de\/wp-json\/wp\/v2\/product-collection?post=6210"}],"curies":[{"name":"wp","href":"https:\/\/api.w.org\/{rel}","templated":true}]}}