{"id":6200,"date":"2023-02-13T16:25:38","date_gmt":"2023-06-11T14:58:06","guid":{"rendered":"https:\/\/www.studioheilig.com\/?post_type=product&#038;p=6200"},"modified":"2024-12-17T10:08:36","modified_gmt":"2024-12-17T09:08:36","slug":"zehnfinger-sitzhocker","status":"publish","type":"product","link":"https:\/\/www.heilig-objects.com\/de\/shop\/stuehle\/zehnfinger-sitzhocker\/","title":{"rendered":"ZEHNFINGER Sitzhocker"},"content":{"rendered":"<p>Inspiriert von den ikonischen Bogenstellungen des Aqu\u00e4dukts von Obidos in Portugal interpretiert die Hocker-Architektur ZEHNFINGER monumentale S\u00e4ulen-Baukunst \u00fcberraschend neu. Im handwerklich exquisit konstruierten Vollholz-Korpus kontrastieren 2 durch B\u00f6gen rhythmisierte mit 2 geschlossenen Seiten. Je nach Lichteinfall wandern S\u00e4ulenschatten durch den Raum. Fest im Korpus verankert sitzt das komfortable, handgen\u00e4hte Stoffpolster. Qualit\u00e4t im Detail und zeiterhabenes Design machen Hocker ZEHNFINGER zum geliebten Lebensbegleiter.<\/p>\n","protected":false},"excerpt":{"rendered":"<p>Inspiriert von den ikonischen Bogenstellungen des Aqu\u00e4dukts von Obidos in Portugal interpretiert die Hocker-Architektur ZEHNFINGER monumentale S\u00e4ulen-Baukunst \u00fcberraschend neu. Im handwerklich exquisit konstruierten Vollholz-Korpus kontrastieren 2 durch B\u00f6gen rhythmisierte mit 2 geschlossenen Seiten. Je nach Lichteinfall wandern S\u00e4ulenschatten durch den Raum. Fest im Korpus verankert sitzt das komfortable, handgen\u00e4hte Stoffpolster. Qualit\u00e4t im Detail und zeiterhabenes [&hellip;]<\/p>\n","protected":false},"featured_media":14276,"template":"","meta":{"_acf_changed":false},"product_cat":[76],"product_tag":[],"product-collection":[177],"class_list":{"0":"post-6200","1":"product","2":"type-product","3":"status-publish","4":"has-post-thumbnail","6":"product_cat-stuehle","7":"pa_color-anthrazit-melange","8":"pa_color-grun-melange","9":"pa_color-rot-melange","10":"pa_color-schwarz","11":"product-collection-monumente","13":"first","14":"instock","15":"taxable","16":"shipping-taxable","17":"purchasable","18":"product-type-variable","19":"has-default-attributes","20":"rtwpvg-product"},"acf":[],"_links":{"self":[{"href":"https:\/\/www.heilig-objects.com\/de\/wp-json\/wp\/v2\/product\/6200","targetHints":{"allow":["GET"]}}],"collection":[{"href":"https:\/\/www.heilig-objects.com\/de\/wp-json\/wp\/v2\/product"}],"about":[{"href":"https:\/\/www.heilig-objects.com\/de\/wp-json\/wp\/v2\/types\/product"}],"wp:featuredmedia":[{"embeddable":true,"href":"https:\/\/www.heilig-objects.com\/de\/wp-json\/wp\/v2\/media\/14276"}],"wp:attachment":[{"href":"https:\/\/www.heilig-objects.com\/de\/wp-json\/wp\/v2\/media?parent=6200"}],"wp:term":[{"taxonomy":"product_cat","embeddable":true,"href":"https:\/\/www.heilig-objects.com\/de\/wp-json\/wp\/v2\/product_cat?post=6200"},{"taxonomy":"product_tag","embeddable":true,"href":"https:\/\/www.heilig-objects.com\/de\/wp-json\/wp\/v2\/product_tag?post=6200"},{"taxonomy":"product-collection","embeddable":true,"href":"https:\/\/www.heilig-objects.com\/de\/wp-json\/wp\/v2\/product-collection?post=6200"}],"curies":[{"name":"wp","href":"https:\/\/api.w.org\/{rel}","templated":true}]}}