{"id":6184,"date":"2023-02-13T16:38:31","date_gmt":"2023-06-11T14:26:24","guid":{"rendered":"https:\/\/www.studioheilig.com\/?post_type=product&#038;p=6184"},"modified":"2025-11-22T17:02:37","modified_gmt":"2025-11-22T16:02:37","slug":"ponti-couchtisch-esche","status":"publish","type":"product","link":"https:\/\/www.heilig-objects.com\/de\/shop\/tische\/ponti-couchtisch-esche\/","title":{"rendered":"PONTI Couchtisch"},"content":{"rendered":"<p>PONTI vereint Form, Funktion und Freude. Minimalistisches Design, klare Linien und spannende Kontraste. Die unifarbige Stahlplatte scheint \u00fcber dem schutzwallhaften Holzkonus zu schweben. Elegante Rundungen treffen auf geometrische Strenge. Dauerhaft oder spontan schafft PONTI Stellfl\u00e4che, wo sie gebraucht wird. Erg\u00e4nzt perfekt Esstisch, Flur, Bad, Balkon oder B\u00fcro, Bett, Sofa oder Wartebereich. Beistelltisch PONTI repr\u00e4sentiert junges deutsches, erfrischendes Alltags-M\u00f6beldesign.<\/p>\n","protected":false},"excerpt":{"rendered":"<p>PONTI vereint Form, Funktion und Freude. Minimalistisches Design, klare Linien und spannende Kontraste. Die unifarbige Stahlplatte scheint \u00fcber dem schutzwallhaften Holzkonus zu schweben. Elegante Rundungen treffen auf geometrische Strenge. Dauerhaft oder spontan schafft PONTI Stellfl\u00e4che, wo sie gebraucht wird. Erg\u00e4nzt perfekt Esstisch, Flur, Bad, Balkon oder B\u00fcro, Bett, Sofa oder Wartebereich. Beistelltisch PONTI repr\u00e4sentiert junges [&hellip;]<\/p>\n","protected":false},"featured_media":12580,"template":"","meta":{"_acf_changed":false},"product_cat":[82],"product_tag":[],"product-collection":[172],"class_list":{"0":"post-6184","1":"product","2":"type-product","3":"status-publish","4":"has-post-thumbnail","6":"product_cat-tische","7":"pa_color-blassgrun","8":"pa_color-brillantblau","9":"pa_color-cremeweis","10":"pa_color-lachsorange","11":"pa_color-zementgrau","12":"product-collection-metamorphosis","14":"first","15":"instock","16":"taxable","17":"shipping-taxable","18":"purchasable","19":"product-type-variable","20":"has-default-attributes","21":"rtwpvg-product"},"acf":[],"_links":{"self":[{"href":"https:\/\/www.heilig-objects.com\/de\/wp-json\/wp\/v2\/product\/6184","targetHints":{"allow":["GET"]}}],"collection":[{"href":"https:\/\/www.heilig-objects.com\/de\/wp-json\/wp\/v2\/product"}],"about":[{"href":"https:\/\/www.heilig-objects.com\/de\/wp-json\/wp\/v2\/types\/product"}],"wp:featuredmedia":[{"embeddable":true,"href":"https:\/\/www.heilig-objects.com\/de\/wp-json\/wp\/v2\/media\/12580"}],"wp:attachment":[{"href":"https:\/\/www.heilig-objects.com\/de\/wp-json\/wp\/v2\/media?parent=6184"}],"wp:term":[{"taxonomy":"product_cat","embeddable":true,"href":"https:\/\/www.heilig-objects.com\/de\/wp-json\/wp\/v2\/product_cat?post=6184"},{"taxonomy":"product_tag","embeddable":true,"href":"https:\/\/www.heilig-objects.com\/de\/wp-json\/wp\/v2\/product_tag?post=6184"},{"taxonomy":"product-collection","embeddable":true,"href":"https:\/\/www.heilig-objects.com\/de\/wp-json\/wp\/v2\/product-collection?post=6184"}],"curies":[{"name":"wp","href":"https:\/\/api.w.org\/{rel}","templated":true}]}}