{"id":6178,"date":"2023-02-13T17:08:08","date_gmt":"2023-06-11T14:17:37","guid":{"rendered":"https:\/\/www.studioheilig.com\/?post_type=product&#038;p=6178"},"modified":"2024-12-17T09:59:08","modified_gmt":"2024-12-17T08:59:08","slug":"arc-f4-beistelltisch","status":"publish","type":"product","link":"https:\/\/www.heilig-objects.com\/de\/shop\/tische\/arc-f4-beistelltisch\/","title":{"rendered":"ARC-F4 Beistelltisch"},"content":{"rendered":"<p>Neue Einfachheit steht f\u00fcr eine minimalistische Lebensphilosophie und ist bei ARC-F4 Design-Prinzip. Mutigem Purismus setzt markante Farbgebung spielerische Energie entgegen. Veredelte Fichte verleiht dem Beistelltisch W\u00e4rme und nat\u00fcrliche Eleganz. Vier symmetrische B\u00f6gen l\u00f6sen die strenge Geometrie des Holzkorpus auf. ARC-F4 ist multifunktionales Design-M\u00f6bel und inspirierende Gebrauchskunst. Modular komponiert, kreiert ARC-F4 individuelle Beistelltischkonstellationen.<\/p>\n","protected":false},"excerpt":{"rendered":"<p>Die <i>Neue Einfachheit<\/i> steht f\u00fcr eine minimalistische Lebensphilosophie und ist bei ARC-F4 Design-Prinzip. Mutigem Purismus setzt markante Farbgebung spielerische Energie entgegen. Veredelte Fichte verleiht dem Beistelltisch W\u00e4rme und nat\u00fcrliche Eleganz. Vier symmetrische B\u00f6gen l\u00f6sen die strenge Geometrie des Holzkorpus auf. ARC-F4 ist multifunktionales Design-M\u00f6bel und inspirierende Gebrauchskunst. Modular komponiert, kreiert ARC-F4 individuelle Beistelltischkonstellationen.<\/p>\n","protected":false},"featured_media":13158,"template":"","meta":{"_acf_changed":false},"product_cat":[82],"product_tag":[],"product-collection":[177],"class_list":{"0":"post-6178","1":"product","2":"type-product","3":"status-publish","4":"has-post-thumbnail","6":"product_cat-tische","7":"product-collection-monumente","9":"first","10":"instock","11":"taxable","12":"shipping-taxable","13":"purchasable","14":"product-type-simple"},"acf":[],"_links":{"self":[{"href":"https:\/\/www.heilig-objects.com\/de\/wp-json\/wp\/v2\/product\/6178","targetHints":{"allow":["GET"]}}],"collection":[{"href":"https:\/\/www.heilig-objects.com\/de\/wp-json\/wp\/v2\/product"}],"about":[{"href":"https:\/\/www.heilig-objects.com\/de\/wp-json\/wp\/v2\/types\/product"}],"wp:featuredmedia":[{"embeddable":true,"href":"https:\/\/www.heilig-objects.com\/de\/wp-json\/wp\/v2\/media\/13158"}],"wp:attachment":[{"href":"https:\/\/www.heilig-objects.com\/de\/wp-json\/wp\/v2\/media?parent=6178"}],"wp:term":[{"taxonomy":"product_cat","embeddable":true,"href":"https:\/\/www.heilig-objects.com\/de\/wp-json\/wp\/v2\/product_cat?post=6178"},{"taxonomy":"product_tag","embeddable":true,"href":"https:\/\/www.heilig-objects.com\/de\/wp-json\/wp\/v2\/product_tag?post=6178"},{"taxonomy":"product-collection","embeddable":true,"href":"https:\/\/www.heilig-objects.com\/de\/wp-json\/wp\/v2\/product-collection?post=6178"}],"curies":[{"name":"wp","href":"https:\/\/api.w.org\/{rel}","templated":true}]}}