{"id":6174,"date":"2023-06-02T18:33:00","date_gmt":"2023-06-10T16:01:44","guid":{"rendered":"https:\/\/www.studioheilig.com\/?post_type=product&#038;p=6174"},"modified":"2024-12-16T15:54:12","modified_gmt":"2024-12-16T14:54:12","slug":"fat-leg-65-esstisch","status":"publish","type":"product","link":"https:\/\/www.heilig-objects.com\/de\/shop\/tische\/fat-leg-65-esstisch\/","title":{"rendered":"FAT LEG 65 Esstisch"},"content":{"rendered":"<p>FAT LEG 65 vereint skulpturalen Wagemut, inspirierende \u00c4sthetik und monumentalen Minimalismus. Ultimativ klar und sonnenscheibenrund entfaltet der Eichen-Esstisch eine magische Wirkung. Seine 65 mm dicke Tischplatte mit den H\u00e4nden zu umgreifen, gibt das Gef\u00fchl von Erdung. Die Anordnung der 3 massiven S\u00e4ulenbeine schafft Platz f\u00fcr 6 St\u00fchle und Beinfreiheit. Meisterhaft von Hand gedrechselt, strahlt die Natursch\u00f6nheit W\u00e4rme, Weichheit und Willkommen aus. FAT LEG 65 ist spektakul\u00e4res Centerpiece in designaffinen Privat- und Meetingr\u00e4umen, Hotelsuiten und Restaurants.<\/p>\n","protected":false},"excerpt":{"rendered":"<p>FAT LEG 65 vereint skulpturalen Wagemut, inspirierende \u00c4sthetik und monumentalen Minimalismus. Ultimativ klar und sonnenscheibenrund entfaltet der Eichen-Esstisch eine magische Wirkung. Seine 65 mm dicke Tischplatte mit den H\u00e4nden zu umgreifen, gibt das Gef\u00fchl von Erdung. Die Anordnung der 3 massiven S\u00e4ulenbeine schafft Platz f\u00fcr 6 St\u00fchle und Beinfreiheit. Meisterhaft von Hand gedrechselt, strahlt die Natursch\u00f6nheit W\u00e4rme, Weichheit und Willkommen aus. FAT LEG 65 ist spektakul\u00e4res Centerpiece in designaffinen Privat- und Meetingr\u00e4umen, Hotelsuiten und Restaurants.<\/p>\n","protected":false},"featured_media":12547,"template":"","meta":{"_acf_changed":false},"product_cat":[82],"product_tag":[],"product-collection":[177],"class_list":{"0":"post-6174","1":"product","2":"type-product","3":"status-publish","4":"has-post-thumbnail","6":"product_cat-tische","7":"product-collection-monumente","9":"first","10":"instock","11":"taxable","12":"shipping-taxable","13":"purchasable","14":"product-type-simple"},"acf":[],"_links":{"self":[{"href":"https:\/\/www.heilig-objects.com\/de\/wp-json\/wp\/v2\/product\/6174","targetHints":{"allow":["GET"]}}],"collection":[{"href":"https:\/\/www.heilig-objects.com\/de\/wp-json\/wp\/v2\/product"}],"about":[{"href":"https:\/\/www.heilig-objects.com\/de\/wp-json\/wp\/v2\/types\/product"}],"wp:featuredmedia":[{"embeddable":true,"href":"https:\/\/www.heilig-objects.com\/de\/wp-json\/wp\/v2\/media\/12547"}],"wp:attachment":[{"href":"https:\/\/www.heilig-objects.com\/de\/wp-json\/wp\/v2\/media?parent=6174"}],"wp:term":[{"taxonomy":"product_cat","embeddable":true,"href":"https:\/\/www.heilig-objects.com\/de\/wp-json\/wp\/v2\/product_cat?post=6174"},{"taxonomy":"product_tag","embeddable":true,"href":"https:\/\/www.heilig-objects.com\/de\/wp-json\/wp\/v2\/product_tag?post=6174"},{"taxonomy":"product-collection","embeddable":true,"href":"https:\/\/www.heilig-objects.com\/de\/wp-json\/wp\/v2\/product-collection?post=6174"}],"curies":[{"name":"wp","href":"https:\/\/api.w.org\/{rel}","templated":true}]}}