{"id":4257,"date":"2021-09-02T16:54:16","date_gmt":"2021-09-02T15:54:16","guid":{"rendered":"https:\/\/www.vonheilig.com\/shop\/esstisch-fames\/"},"modified":"2025-11-22T17:14:06","modified_gmt":"2025-11-22T16:14:06","slug":"mushroom-fs-esstisch","status":"publish","type":"product","link":"https:\/\/www.heilig-objects.com\/de\/shop\/tische\/mushroom-fs-esstisch\/","title":{"rendered":"MUSHROOM-FS Esstisch"},"content":{"rendered":"<p>Traditionelles K\u00fcferhandwerksk\u00f6nnen gibt die Idee zu MUSHROOM-FS. Spannend kontrastieren der geerdete Konus und die schwebende Platte mit 120 cm Spannweite und sich randseitig auf 25 mm verj\u00fcngender Kante. 18 astlochfreie Dauben werden einzeln in Fassbauweise angefertigt und dann aufw\u00e4ndig von Hand zum runden Konus gedrechselt. Der Eichentisch wird final geschliffen und ge\u00f6lt. Seine Platte lagert in der Schattenfuge auf dem Konus. Gewichte im Konus sichern Stabilit\u00e4t und Standfestigkeit. Platte und Konus sind reversibel verschraubt. Esstisch MUSHROOM-FS gibt es auch als Beistelltisch MUSHROOM-PS.<\/p>\n","protected":false},"excerpt":{"rendered":"<p>Traditionelles K\u00fcferhandwerksk\u00f6nnen gibt die Idee zu MUSHROOM-FS. Spannend kontrastieren der geerdete Konus und die schwebende Platte mit 120 cm Spannweite und sich randseitig auf 25 mm verj\u00fcngender Kante. 18 astlochfreie Dauben werden einzeln in Fassbauweise angefertigt und dann aufw\u00e4ndig von Hand zum runden Konus gedrechselt. Der Eichentisch wird final geschliffen und ge\u00f6lt. Seine Platte lagert [&hellip;]<\/p>\n","protected":false},"featured_media":13038,"template":"","meta":{"_acf_changed":false},"product_cat":[82],"product_tag":[],"product-collection":[172],"class_list":{"0":"post-4257","1":"product","2":"type-product","3":"status-publish","4":"has-post-thumbnail","6":"product_cat-tische","7":"pa_color-eiche-natur","8":"pa_color-eiche-schwarz","9":"product-collection-metamorphosis","11":"first","12":"instock","13":"taxable","14":"shipping-taxable","15":"purchasable","16":"product-type-variable","17":"has-default-attributes","18":"rtwpvg-product"},"acf":[],"_links":{"self":[{"href":"https:\/\/www.heilig-objects.com\/de\/wp-json\/wp\/v2\/product\/4257","targetHints":{"allow":["GET"]}}],"collection":[{"href":"https:\/\/www.heilig-objects.com\/de\/wp-json\/wp\/v2\/product"}],"about":[{"href":"https:\/\/www.heilig-objects.com\/de\/wp-json\/wp\/v2\/types\/product"}],"wp:featuredmedia":[{"embeddable":true,"href":"https:\/\/www.heilig-objects.com\/de\/wp-json\/wp\/v2\/media\/13038"}],"wp:attachment":[{"href":"https:\/\/www.heilig-objects.com\/de\/wp-json\/wp\/v2\/media?parent=4257"}],"wp:term":[{"taxonomy":"product_cat","embeddable":true,"href":"https:\/\/www.heilig-objects.com\/de\/wp-json\/wp\/v2\/product_cat?post=4257"},{"taxonomy":"product_tag","embeddable":true,"href":"https:\/\/www.heilig-objects.com\/de\/wp-json\/wp\/v2\/product_tag?post=4257"},{"taxonomy":"product-collection","embeddable":true,"href":"https:\/\/www.heilig-objects.com\/de\/wp-json\/wp\/v2\/product-collection?post=4257"}],"curies":[{"name":"wp","href":"https:\/\/api.w.org\/{rel}","templated":true}]}}