{"id":3761,"date":"2021-08-23T16:12:07","date_gmt":"2021-08-23T15:12:07","guid":{"rendered":"https:\/\/www.vonheilig.com\/product\/kommode-hamburg-2\/"},"modified":"2024-12-17T10:37:36","modified_gmt":"2024-12-17T09:37:36","slug":"hamburg-kommode","status":"publish","type":"product","link":"https:\/\/www.heilig-objects.com\/de\/shop\/aufbewahrung\/hamburg-kommode\/","title":{"rendered":"HAMBURG Kommode"},"content":{"rendered":"<p>Kommode HAMBURG ist ein berauschend nobles, erstklassig von Hand gearbeitetes Designm\u00f6bel-Unikat. Die hanseatische K\u00f6nigin der Schubladen-Kommoden. Ummantelt von historischen, mystisch schimmernden Metallbackblechen. Ihr zu F\u00fc\u00dfen, ein Sockel aus Manufakturbeton.<\/p>\n","protected":false},"excerpt":{"rendered":"<p>Kommode HAMBURG ist ein berauschend nobles, erstklassig von Hand gearbeitetes Designm\u00f6bel-Unikat. Die hanseatische K\u00f6nigin der Schubladen-Kommoden. Ummantelt von historischen, mystisch schimmernden Metallbackblechen. Ihr zu F\u00fc\u00dfen, ein Sockel aus Manufakturbeton.<\/p>\n","protected":false},"featured_media":13106,"template":"","meta":{"_acf_changed":false},"product_cat":[86],"product_tag":[],"product-collection":[171],"class_list":{"0":"post-3761","1":"product","2":"type-product","3":"status-publish","4":"has-post-thumbnail","6":"product_cat-aufbewahrung","7":"pa_color-nebulabraun","8":"product-collection-compagnons-de-vie","10":"first","11":"instock","12":"taxable","13":"shipping-taxable","14":"purchasable","15":"product-type-variable","16":"has-default-attributes","17":"rtwpvg-product"},"acf":[],"_links":{"self":[{"href":"https:\/\/www.heilig-objects.com\/de\/wp-json\/wp\/v2\/product\/3761","targetHints":{"allow":["GET"]}}],"collection":[{"href":"https:\/\/www.heilig-objects.com\/de\/wp-json\/wp\/v2\/product"}],"about":[{"href":"https:\/\/www.heilig-objects.com\/de\/wp-json\/wp\/v2\/types\/product"}],"wp:featuredmedia":[{"embeddable":true,"href":"https:\/\/www.heilig-objects.com\/de\/wp-json\/wp\/v2\/media\/13106"}],"wp:attachment":[{"href":"https:\/\/www.heilig-objects.com\/de\/wp-json\/wp\/v2\/media?parent=3761"}],"wp:term":[{"taxonomy":"product_cat","embeddable":true,"href":"https:\/\/www.heilig-objects.com\/de\/wp-json\/wp\/v2\/product_cat?post=3761"},{"taxonomy":"product_tag","embeddable":true,"href":"https:\/\/www.heilig-objects.com\/de\/wp-json\/wp\/v2\/product_tag?post=3761"},{"taxonomy":"product-collection","embeddable":true,"href":"https:\/\/www.heilig-objects.com\/de\/wp-json\/wp\/v2\/product-collection?post=3761"}],"curies":[{"name":"wp","href":"https:\/\/api.w.org\/{rel}","templated":true}]}}