{"id":3758,"date":"2021-09-02T16:55:11","date_gmt":"2021-09-02T15:55:11","guid":{"rendered":"https:\/\/www.vonheilig.com\/product\/beistelltisch-midas\/"},"modified":"2025-11-22T17:04:46","modified_gmt":"2025-11-22T16:04:46","slug":"anc-66-beistelltisch","status":"publish","type":"product","link":"https:\/\/www.heilig-objects.com\/de\/shop\/tische\/anc-66-beistelltisch\/","title":{"rendered":"ANC-66 Beistelltisch"},"content":{"rendered":"<p>ANC-66 Beistelltisch tr\u00e4gt die Insignien moderner Designm\u00f6bel-Klassiker: Weniger-ist-mehr-\u00c4sthetik, zeitlose Eleganz und konstruktive Perfektion. ANC-66 wird in Deutschland von K\u00fcnstlerhand gefertigt. Er brilliert als Natural und als Black Edition.<\/p>\n","protected":false},"excerpt":{"rendered":"<p>Der ANC-66 Beistelltisch ist zeitlos wahrhaftig in \u00c4sthetik, Wert und Best\u00e4ndigkeit. Ein aufregend schlichter Designklassiker mit interkultureller Geschichte. Von Heilig Objects geschaffen, um f\u00fcr immer und ewig zu bleiben.<\/p>\n","protected":false},"featured_media":12963,"template":"","meta":{"_acf_changed":false},"product_cat":[82],"product_tag":[],"product-collection":[172],"class_list":{"0":"post-3758","1":"product","2":"type-product","3":"status-publish","4":"has-post-thumbnail","6":"product_cat-tische","7":"pa_color-esche","8":"pa_color-esche-schwarz","9":"product-collection-metamorphosis","11":"first","12":"instock","13":"taxable","14":"shipping-taxable","15":"purchasable","16":"product-type-variable","17":"has-default-attributes","18":"rtwpvg-product"},"acf":[],"_links":{"self":[{"href":"https:\/\/www.heilig-objects.com\/de\/wp-json\/wp\/v2\/product\/3758","targetHints":{"allow":["GET"]}}],"collection":[{"href":"https:\/\/www.heilig-objects.com\/de\/wp-json\/wp\/v2\/product"}],"about":[{"href":"https:\/\/www.heilig-objects.com\/de\/wp-json\/wp\/v2\/types\/product"}],"wp:featuredmedia":[{"embeddable":true,"href":"https:\/\/www.heilig-objects.com\/de\/wp-json\/wp\/v2\/media\/12963"}],"wp:attachment":[{"href":"https:\/\/www.heilig-objects.com\/de\/wp-json\/wp\/v2\/media?parent=3758"}],"wp:term":[{"taxonomy":"product_cat","embeddable":true,"href":"https:\/\/www.heilig-objects.com\/de\/wp-json\/wp\/v2\/product_cat?post=3758"},{"taxonomy":"product_tag","embeddable":true,"href":"https:\/\/www.heilig-objects.com\/de\/wp-json\/wp\/v2\/product_tag?post=3758"},{"taxonomy":"product-collection","embeddable":true,"href":"https:\/\/www.heilig-objects.com\/de\/wp-json\/wp\/v2\/product-collection?post=3758"}],"curies":[{"name":"wp","href":"https:\/\/api.w.org\/{rel}","templated":true}]}}