{"id":146463,"date":"2025-05-30T09:01:06","date_gmt":"2025-05-30T08:01:06","guid":{"rendered":"https:\/\/www.heilig-objects.com\/?post_type=product&#038;p=146463"},"modified":"2025-11-18T18:21:36","modified_gmt":"2025-11-18T17:21:36","slug":"koenigswinter-lichtskulptur","status":"publish","type":"product","link":"https:\/\/www.heilig-objects.com\/de\/shop\/lighting-de\/koenigswinter-lichtskulptur\/","title":{"rendered":"K\u00d6NIGSWINTER Lichtskulptur"},"content":{"rendered":"<p>Die Lichtskulptur K\u00d6NIGSWINTER strahlt einen kontemplativen Glanz aus und bildet ein symbolisches Fenster zwischen innerer Zuflucht und Au\u00dfenwelt. Jedes St\u00fcck ist handgefertigt aus einer wiederverwerteten, bernsteingoldenen Wellglasfaserplatte, deren Patina durch den Einfluss der Natur im Laufe der Zeit entstanden ist. Eingefasst in einen fein gearbeiteten Holzrahmen aus Ahorn oder Eiche, verbindet die Skulptur rohe Materialit\u00e4t mit pr\u00e4ziser Konstruktion.<\/p>\n","protected":false},"excerpt":{"rendered":"<p>Die Lichtskulptur K\u00d6NIGSWINTER strahlt einen kontemplativen Glanz aus und bildet ein symbolisches Fenster zwischen innerer Zuflucht und Au\u00dfenwelt. Jedes St\u00fcck ist handgefertigt aus einer wiederverwerteten, bernsteingoldenen Wellglasfaserplatte, deren Patina durch den Einfluss der Natur im Laufe der Zeit entstanden ist. Eingefasst in einen fein gearbeiteten Holzrahmen aus Ahorn oder Eiche, verbindet die Skulptur rohe Materialit\u00e4t [&hellip;]<\/p>\n","protected":false},"featured_media":147698,"template":"","meta":{"_acf_changed":false},"product_cat":[247],"product_tag":[],"product-collection":[171],"class_list":{"0":"post-146463","1":"product","2":"type-product","3":"status-publish","4":"has-post-thumbnail","6":"product_cat-lighting-de","7":"pa_color-bernstein-duo","8":"pa_color-bernstein-mono","9":"pa_color-neongrun","10":"product-collection-compagnons-de-vie","12":"first","13":"instock","14":"taxable","15":"shipping-taxable","16":"purchasable","17":"product-type-variable","18":"has-default-attributes","19":"rtwpvg-product"},"acf":[],"_links":{"self":[{"href":"https:\/\/www.heilig-objects.com\/de\/wp-json\/wp\/v2\/product\/146463","targetHints":{"allow":["GET"]}}],"collection":[{"href":"https:\/\/www.heilig-objects.com\/de\/wp-json\/wp\/v2\/product"}],"about":[{"href":"https:\/\/www.heilig-objects.com\/de\/wp-json\/wp\/v2\/types\/product"}],"wp:featuredmedia":[{"embeddable":true,"href":"https:\/\/www.heilig-objects.com\/de\/wp-json\/wp\/v2\/media\/147698"}],"wp:attachment":[{"href":"https:\/\/www.heilig-objects.com\/de\/wp-json\/wp\/v2\/media?parent=146463"}],"wp:term":[{"taxonomy":"product_cat","embeddable":true,"href":"https:\/\/www.heilig-objects.com\/de\/wp-json\/wp\/v2\/product_cat?post=146463"},{"taxonomy":"product_tag","embeddable":true,"href":"https:\/\/www.heilig-objects.com\/de\/wp-json\/wp\/v2\/product_tag?post=146463"},{"taxonomy":"product-collection","embeddable":true,"href":"https:\/\/www.heilig-objects.com\/de\/wp-json\/wp\/v2\/product-collection?post=146463"}],"curies":[{"name":"wp","href":"https:\/\/api.w.org\/{rel}","templated":true}]}}