{"id":10032,"date":"2023-06-07T19:09:54","date_gmt":"2023-06-07T18:09:55","guid":{"rendered":"https:\/\/www.studioheilig.com\/?post_type=product&#038;p=10032"},"modified":"2025-11-20T09:57:11","modified_gmt":"2025-11-20T08:57:11","slug":"ohus-sitzbank","status":"publish","type":"product","link":"https:\/\/www.heilig-objects.com\/de\/shop\/stuehle\/ohus-sitzbank\/","title":{"rendered":"OHUS Sitzbank"},"content":{"rendered":"<p>Die OHUS Sitzbank ist purer Minimalismus. Vier signalfarbige Stahlscheiben und eine Esche-Platte, durch zwei Kreuze vereint. Ein visuelles Design-Highlight und intelligentes Modul-M\u00f6bel f\u00fcr moderne Nomaden, multifunktional, tragstark und einfach zerlegbar. Als Sitzbank, Sideboard oder Beistelltisch ideal f\u00fcr private und \u00f6ffentliche R\u00e4ume, Caf\u00e9s, Museen, Schulen. Platzsparend gestapelt, wird die Bank zum Hochregal oder Raumteiler. Sitzbank OHUS steht f\u00fcr junges deutsches M\u00f6bel-Design vom Feinsten.<\/p>\n","protected":false},"excerpt":{"rendered":"<p>Die OHUS Sitzbank ist purer Minimalismus. Vier signalfarbige Stahlscheiben und eine Esche-Platte, durch zwei Kreuze vereint. Ein visuelles Design-Highlight und intelligentes Modul-M\u00f6bel f\u00fcr moderne Nomaden, multifunktional, tragstark und einfach zerlegbar. Als Sitzbank, Sideboard oder Beistelltisch ideal f\u00fcr private und \u00f6ffentliche R\u00e4ume, Caf\u00e9s, Museen, Schulen. Platzsparend gestapelt, wird die Bank zum Hochregal oder Raumteiler. Sitzbank OHUS [&hellip;]<\/p>\n","protected":false},"featured_media":12314,"template":"","meta":{"_acf_changed":false},"product_cat":[76],"product_tag":[],"product-collection":[],"class_list":{"0":"post-10032","1":"product","2":"type-product","3":"status-publish","4":"has-post-thumbnail","6":"product_cat-stuehle","7":"pa_color-brillantblau","8":"pa_color-lachsorange","10":"first","11":"instock","12":"taxable","13":"shipping-taxable","14":"purchasable","15":"product-type-variable","16":"has-default-attributes","17":"rtwpvg-product"},"acf":[],"_links":{"self":[{"href":"https:\/\/www.heilig-objects.com\/de\/wp-json\/wp\/v2\/product\/10032","targetHints":{"allow":["GET"]}}],"collection":[{"href":"https:\/\/www.heilig-objects.com\/de\/wp-json\/wp\/v2\/product"}],"about":[{"href":"https:\/\/www.heilig-objects.com\/de\/wp-json\/wp\/v2\/types\/product"}],"wp:featuredmedia":[{"embeddable":true,"href":"https:\/\/www.heilig-objects.com\/de\/wp-json\/wp\/v2\/media\/12314"}],"wp:attachment":[{"href":"https:\/\/www.heilig-objects.com\/de\/wp-json\/wp\/v2\/media?parent=10032"}],"wp:term":[{"taxonomy":"product_cat","embeddable":true,"href":"https:\/\/www.heilig-objects.com\/de\/wp-json\/wp\/v2\/product_cat?post=10032"},{"taxonomy":"product_tag","embeddable":true,"href":"https:\/\/www.heilig-objects.com\/de\/wp-json\/wp\/v2\/product_tag?post=10032"},{"taxonomy":"product-collection","embeddable":true,"href":"https:\/\/www.heilig-objects.com\/de\/wp-json\/wp\/v2\/product-collection?post=10032"}],"curies":[{"name":"wp","href":"https:\/\/api.w.org\/{rel}","templated":true}]}}